{"id":4801,"date":"2025-08-22T10:56:04","date_gmt":"2025-08-22T08:56:04","guid":{"rendered":"https:\/\/2065.robella.ch\/news\/"},"modified":"2026-03-17T14:14:19","modified_gmt":"2026-03-17T13:14:19","slug":"news","status":"publish","type":"page","link":"https:\/\/www.robella.ch\/de\/news\/","title":{"rendered":"News"},"content":{"rendered":"\t\t<div data-elementor-type=\"wp-page\" data-elementor-id=\"4801\" class=\"elementor elementor-4801 elementor-3047\">\n\t\t\t\t<div class=\"elementor-element elementor-element-9e88b79 e-flex e-con-boxed e-con e-parent\" data-id=\"9e88b79\" data-element_type=\"container\" data-e-type=\"container\" data-settings=\"{&quot;background_background&quot;:&quot;classic&quot;,&quot;shape_divider_bottom&quot;:&quot;curve&quot;,&quot;shape_divider_bottom_negative&quot;:&quot;yes&quot;}\">\n\t\t\t\t\t<div class=\"e-con-inner\">\n\t\t\t\t<div class=\"elementor-shape elementor-shape-bottom\" aria-hidden=\"true\" data-negative=\"true\">\n\t\t\t<svg xmlns=\"http:\/\/www.w3.org\/2000\/svg\" viewBox=\"0 0 1000 100\" preserveAspectRatio=\"none\">\n\t<path class=\"elementor-shape-fill\" d=\"M500,97C126.7,96.3,0.8,19.8,0,0v100l1000,0V1C1000,19.4,873.3,97.8,500,97z\"\/>\n<\/svg>\t\t<\/div>\n\t\t\t\t<div class=\"elementor-element elementor-element-d995f4f elementor-widget elementor-widget-heading\" data-id=\"d995f4f\" data-element_type=\"widget\" data-e-type=\"widget\" data-widget_type=\"heading.default\">\n\t\t\t\t<div class=\"elementor-widget-container\">\n\t\t\t\t\t<h1 class=\"elementor-heading-title elementor-size-default\">News &amp; Events<\/h1>\t\t\t\t<\/div>\n\t\t\t\t<\/div>\n\t\t\t\t<div class=\"elementor-element elementor-element-ddfda88 elementor-widget elementor-widget-text-editor\" data-id=\"ddfda88\" data-element_type=\"widget\" data-e-type=\"widget\" data-widget_type=\"text-editor.default\">\n\t\t\t\t<div class=\"elementor-widget-container\">\n\t\t\t\t\t\t\t\t\t<p>Was passiert gerade auf der Robella?<\/p>\t\t\t\t\t\t\t\t<\/div>\n\t\t\t\t<\/div>\n\t\t\t\t\t<\/div>\n\t\t\t\t<\/div>\n\t\t<div class=\"elementor-element elementor-element-f73f67b e-flex e-con-boxed e-con e-parent\" data-id=\"f73f67b\" data-element_type=\"container\" data-e-type=\"container\">\n\t\t\t\t\t<div class=\"e-con-inner\">\n\t\t\t\t<div class=\"elementor-element elementor-element-4d70f6e elementor-widget elementor-widget-uael-posts\" data-id=\"4d70f6e\" data-element_type=\"widget\" data-e-type=\"widget\" data-settings=\"{&quot;feed_slides_to_show_tablet&quot;:2,&quot;feed_slides_to_show_mobile&quot;:1,&quot;feed_show_filters&quot;:&quot;no&quot;}\" data-widget_type=\"uael-posts.feed\">\n\t\t\t\t<div class=\"elementor-widget-container\">\n\t\t\t\t\t\t\t<div class=\"uael-post__header\">\n\t\t\t\t\t<\/div>\n\t\t<div class=\"uael-post__body\">\n\t\t\t\n\t\t\n\t\t<div class=\"uael-post-grid uael-posts\" data-query-type=\"custom\" data-structure=\"\" data-layout=\"\" data-page=\"4801\" data-skin=\"feed\" data-filter-default=\"\" data-offset-top=\"30\" >\n\n\t\t\t\t\t\t\t<div class=\"uael-post-grid__inner uael-post__columns-1 uael-post__columns-tablet-1 uael-post__columns-mobile-1 uael-post-infinite-scroll uael-post-infinite__event-scroll\">\n\t\t\t\n\n<div class=\"uael-post-wrapper  actu \">\n\n\t<div class=\"uael-post__bg-wrap\">\n\t\t\n\t\t\n\t\t<div class=\"uael-post__inner-wrap \">\n\n\t\t\t\t<div class=\"uael-post__thumbnail\">\n\t\t\t\n\t\t\t<a href=\"https:\/\/www.robella.ch\/de\/30-august-2025-die-robella-feiert-die-kinder-mit-dem-lions-club-val-de-travers\/\" target=\"_self\" title=\"30. August 2025: Die Robella feiert die Kinder mit dem Lions Club Val-de-Travers\"><img fetchpriority=\"high\" decoding=\"async\" width=\"1200\" height=\"800\" src=\"https:\/\/www.robella.ch\/wp-content\/uploads\/2025\/08\/robella-trottinettes-famille-01.webp\" class=\"attachment-full size-full wp-image-4453\" alt=\"Trottinetts auf der Robella Val-de-Travers\" srcset=\"https:\/\/www.robella.ch\/wp-content\/uploads\/2025\/08\/robella-trottinettes-famille-01.webp 1200w, https:\/\/www.robella.ch\/wp-content\/uploads\/2025\/08\/robella-trottinettes-famille-01-300x200.webp 300w, https:\/\/www.robella.ch\/wp-content\/uploads\/2025\/08\/robella-trottinettes-famille-01-1024x683.webp 1024w, https:\/\/www.robella.ch\/wp-content\/uploads\/2025\/08\/robella-trottinettes-famille-01-768x512.webp 768w, https:\/\/www.robella.ch\/wp-content\/uploads\/2025\/08\/robella-trottinettes-famille-01-600x400.webp 600w\" sizes=\"(max-width: 1200px) 100vw, 1200px\" \/><\/a>\n\t\t\t\t\t<\/div>\n\t\t\n\t\t\t\n\t\t\t<div class=\"uael-post__content-wrap\">\n\n\t\t\t<span class=\"uael-post__terms\"><a href=\"https:\/\/www.robella.ch\/de\/category\/actu\/\" class=\"uael-listing__terms-link\" id=\"uael-post-term-actu\" aria-labelledby=\"uael-post-term-actu\">Actu<\/a><\/span>\t\t<h3 class=\"uael-post__title\">\n\n\t\t\n\t\t\t\t\t\t<a href=\"https:\/\/www.robella.ch\/de\/30-august-2025-die-robella-feiert-die-kinder-mit-dem-lions-club-val-de-travers\/\" target=\"_self\">\n\t\t\t\t30. August 2025: Die Robella feiert die Kinder mit dem Lions Club Val-de-Travers\t\t\t<\/a>\n\n\t\t\t\t<\/h3>\n\t\t<div class=\"uael-post__separator\"><\/div>\n\t\t<div class=\"uael-post__excerpt\">\n\t\t\tAm 30. August geh\u00f6rt der Berg den Jungen! Von 10 bis 17 Uhr sind alle Kinder und Jugendlichen bis 17 Jahre zu einem unvergesslichen Tag ...\t\t<\/div>\n\n\t\t\t\t\t<div class=\"uael-post__meta-data\">\n\t\t\t\t\t<span class=\"uael-post__date\">\n\t\t\t\t\t\t\t\t\t\t\t\t\t<svg aria-hidden=\"true\" class=\"e-font-icon-svg e-fa-calendar\" viewBox=\"0 0 448 512\" xmlns=\"http:\/\/www.w3.org\/2000\/svg\"><path d=\"M12 192h424c6.6 0 12 5.4 12 12v260c0 26.5-21.5 48-48 48H48c-26.5 0-48-21.5-48-48V204c0-6.6 5.4-12 12-12zm436-44v-36c0-26.5-21.5-48-48-48h-48V12c0-6.6-5.4-12-12-12h-40c-6.6 0-12 5.4-12 12v52H160V12c0-6.6-5.4-12-12-12h-40c-6.6 0-12 5.4-12 12v52H48C21.5 64 0 85.5 0 112v36c0 6.6 5.4 12 12 12h424c6.6 0 12-5.4 12-12z\"><\/path><\/svg>\t\t\t\t\t\t\t\t\t\n\t\t\t3. August 2025\t\t<\/span>\n\t\t\t\t<\/div>\n\t\t\t\t\t<\/div>\n\t\t\t\n\t\t<\/div>\n\t\t\n\t<\/div>\n\n<\/div>\n\n\n<div class=\"uael-post-wrapper  actu \">\n\n\t<div class=\"uael-post__bg-wrap\">\n\t\t\n\t\t\n\t\t<div class=\"uael-post__inner-wrap uael-post__noimage\">\n\n\t\t\n\t\t\t\n\t\t\t<div class=\"uael-post__content-wrap\">\n\n\t\t\t<span class=\"uael-post__terms\"><a href=\"https:\/\/www.robella.ch\/de\/category\/actu\/\" class=\"uael-listing__terms-link\" id=\"uael-post-term-actu\" aria-labelledby=\"uael-post-term-actu\">Actu<\/a><\/span>\t\t<h3 class=\"uael-post__title\">\n\n\t\t\n\t\t\t\t\t\t<a href=\"https:\/\/www.robella.ch\/de\/16-mai-2025-20-jahre-feeline-rodelbahn-und-einweihung-des-minigolfs\/\" target=\"_self\">\n\t\t\t\t16. Mai 2025: 20 Jahre F\u00e9eline-Rodelbahn und Einweihung des Minigolfs\t\t\t<\/a>\n\n\t\t\t\t<\/h3>\n\t\t<div class=\"uael-post__separator\"><\/div>\n\t\t<div class=\"uael-post__excerpt\">\n\t\t\tAm Freitag, 16. Mai, l\u00e4dt Sie die Robella zu einem einzigartigen Doppelerlebnis ein: Feier des 20-j\u00e4hrigen Jubil\u00e4ums der legend\u00e4ren F\u00e9eline-Schienenrodelbahn und offizielle Er\u00f6ffnung des brandneuen ...\t\t<\/div>\n\n\t\t\t\t\t<div class=\"uael-post__meta-data\">\n\t\t\t\t\t<span class=\"uael-post__date\">\n\t\t\t\t\t\t\t\t\t\t\t\t\t<svg aria-hidden=\"true\" class=\"e-font-icon-svg e-fa-calendar\" viewBox=\"0 0 448 512\" xmlns=\"http:\/\/www.w3.org\/2000\/svg\"><path d=\"M12 192h424c6.6 0 12 5.4 12 12v260c0 26.5-21.5 48-48 48H48c-26.5 0-48-21.5-48-48V204c0-6.6 5.4-12 12-12zm436-44v-36c0-26.5-21.5-48-48-48h-48V12c0-6.6-5.4-12-12-12h-40c-6.6 0-12 5.4-12 12v52H160V12c0-6.6-5.4-12-12-12h-40c-6.6 0-12 5.4-12 12v52H48C21.5 64 0 85.5 0 112v36c0 6.6 5.4 12 12 12h424c6.6 0 12-5.4 12-12z\"><\/path><\/svg>\t\t\t\t\t\t\t\t\t\n\t\t\t1. Mai 2025\t\t<\/span>\n\t\t\t\t<\/div>\n\t\t\t\t\t<\/div>\n\t\t\t\n\t\t<\/div>\n\t\t\n\t<\/div>\n\n<\/div>\n\n\n<div class=\"uael-post-wrapper  actu \">\n\n\t<div class=\"uael-post__bg-wrap\">\n\t\t\n\t\t\n\t\t<div class=\"uael-post__inner-wrap \">\n\n\t\t\t\t<div class=\"uael-post__thumbnail\">\n\t\t\t\n\t\t\t<a href=\"https:\/\/www.robella.ch\/de\/21-april-2025-ostermontag-grosse-eierjagd-auf-der-robella\/\" target=\"_self\" title=\"21. April 2025: Ostermontag \u2013 grosse Eierjagd auf der Robella\"><img decoding=\"async\" width=\"1200\" height=\"800\" src=\"https:\/\/www.robella.ch\/wp-content\/uploads\/2025\/04\/course-aux-oeufs-paques-robella-01.webp\" class=\"attachment-full size-full wp-image-4583\" alt=\"Ostern: Eierjagd auf der Robella\" srcset=\"https:\/\/www.robella.ch\/wp-content\/uploads\/2025\/04\/course-aux-oeufs-paques-robella-01.webp 1200w, https:\/\/www.robella.ch\/wp-content\/uploads\/2025\/04\/course-aux-oeufs-paques-robella-01-300x200.webp 300w, https:\/\/www.robella.ch\/wp-content\/uploads\/2025\/04\/course-aux-oeufs-paques-robella-01-1024x683.webp 1024w, https:\/\/www.robella.ch\/wp-content\/uploads\/2025\/04\/course-aux-oeufs-paques-robella-01-768x512.webp 768w, https:\/\/www.robella.ch\/wp-content\/uploads\/2025\/04\/course-aux-oeufs-paques-robella-01-600x400.webp 600w\" sizes=\"(max-width: 1200px) 100vw, 1200px\" \/><\/a>\n\t\t\t\t\t<\/div>\n\t\t\n\t\t\t\n\t\t\t<div class=\"uael-post__content-wrap\">\n\n\t\t\t<span class=\"uael-post__terms\"><a href=\"https:\/\/www.robella.ch\/de\/category\/actu\/\" class=\"uael-listing__terms-link\" id=\"uael-post-term-actu\" aria-labelledby=\"uael-post-term-actu\">Actu<\/a><\/span>\t\t<h3 class=\"uael-post__title\">\n\n\t\t\n\t\t\t\t\t\t<a href=\"https:\/\/www.robella.ch\/de\/21-april-2025-ostermontag-grosse-eierjagd-auf-der-robella\/\" target=\"_self\">\n\t\t\t\t21. April 2025: Ostermontag \u2013 grosse Eierjagd auf der Robella\t\t\t<\/a>\n\n\t\t\t\t<\/h3>\n\t\t<div class=\"uael-post__separator\"><\/div>\n\t\t<div class=\"uael-post__excerpt\">\n\t\t\tAm Ostermontag erobern die Kinder die H\u00f6hen von Buttes f\u00fcr eine schokoladige Schatzsuche. Zwischen versteckten Eiern, Animationen und s\u00fcssen \u00dcberraschungen verspricht das traditionelle Eierjagd-Event der ...\t\t<\/div>\n\n\t\t\t\t\t<div class=\"uael-post__meta-data\">\n\t\t\t\t\t<span class=\"uael-post__date\">\n\t\t\t\t\t\t\t\t\t\t\t\t\t<svg aria-hidden=\"true\" class=\"e-font-icon-svg e-fa-calendar\" viewBox=\"0 0 448 512\" xmlns=\"http:\/\/www.w3.org\/2000\/svg\"><path d=\"M12 192h424c6.6 0 12 5.4 12 12v260c0 26.5-21.5 48-48 48H48c-26.5 0-48-21.5-48-48V204c0-6.6 5.4-12 12-12zm436-44v-36c0-26.5-21.5-48-48-48h-48V12c0-6.6-5.4-12-12-12h-40c-6.6 0-12 5.4-12 12v52H160V12c0-6.6-5.4-12-12-12h-40c-6.6 0-12 5.4-12 12v52H48C21.5 64 0 85.5 0 112v36c0 6.6 5.4 12 12 12h424c6.6 0 12-5.4 12-12z\"><\/path><\/svg>\t\t\t\t\t\t\t\t\t\n\t\t\t2. April 2025\t\t<\/span>\n\t\t\t\t<\/div>\n\t\t\t\t\t<\/div>\n\t\t\t\n\t\t<\/div>\n\t\t\n\t<\/div>\n\n<\/div>\n\t\t\t\t<\/div>\n\t\t\t\t\t\t<div class=\"uael-post-inf-loader\">\n\t\t\t\t<div class=\"uael-post-loader-1\"><\/div>\n\t\t\t\t<div class=\"uael-post-loader-2\"><\/div>\n\t\t\t\t<div class=\"uael-post-loader-3\"><\/div>\n\t\t\t<\/div>\n\t\t\t\t\t\t\n\t\t<\/div>\n\n\t\t\t\t\t\t<\/div>\n\t\t<div class=\"uael-post__footer\">\n\t\t\t\t\t<\/div>\n\t\t\t\t\t\t<\/div>\n\t\t\t\t<\/div>\n\t\t\t\t\t<\/div>\n\t\t\t\t<\/div>\n\t\t\t\t<\/div>\n\t\t","protected":false},"excerpt":{"rendered":"<p>News &amp; Events Was passiert gerade auf der Robella? Actu 30 ao\u00fbt 2025 : La Robella f\u00eate les enfants avec [&hellip;]<\/p>\n","protected":false},"author":1,"featured_media":0,"parent":0,"menu_order":0,"comment_status":"closed","ping_status":"closed","template":"","meta":{"site-sidebar-layout":"no-sidebar","site-content-layout":"","ast-site-content-layout":"full-width-container","site-content-style":"unboxed","site-sidebar-style":"unboxed","ast-global-header-display":"","ast-banner-title-visibility":"","ast-main-header-display":"","ast-hfb-above-header-display":"","ast-hfb-below-header-display":"","ast-hfb-mobile-header-display":"","site-post-title":"disabled","ast-breadcrumbs-content":"","ast-featured-img":"disabled","footer-sml-layout":"","ast-disable-related-posts":"","theme-transparent-header-meta":"enabled","adv-header-id-meta":"","stick-header-meta":"","header-above-stick-meta":"","header-main-stick-meta":"","header-below-stick-meta":"","astra-migrate-meta-layouts":"default","ast-page-background-enabled":"default","ast-page-background-meta":{"desktop":{"background-color":"var(--ast-global-color-5)","background-image":"","background-repeat":"repeat","background-position":"center center","background-size":"auto","background-attachment":"scroll","background-type":"","background-media":"","overlay-type":"","overlay-color":"","overlay-opacity":"","overlay-gradient":""},"tablet":{"background-color":"","background-image":"","background-repeat":"repeat","background-position":"center center","background-size":"auto","background-attachment":"scroll","background-type":"","background-media":"","overlay-type":"","overlay-color":"","overlay-opacity":"","overlay-gradient":""},"mobile":{"background-color":"","background-image":"","background-repeat":"repeat","background-position":"center center","background-size":"auto","background-attachment":"scroll","background-type":"","background-media":"","overlay-type":"","overlay-color":"","overlay-opacity":"","overlay-gradient":""}},"ast-content-background-meta":{"desktop":{"background-color":"var(--ast-global-color-4)","background-image":"","background-repeat":"repeat","background-position":"center center","background-size":"auto","background-attachment":"scroll","background-type":"","background-media":"","overlay-type":"","overlay-color":"","overlay-opacity":"","overlay-gradient":""},"tablet":{"background-color":"var(--ast-global-color-4)","background-image":"","background-repeat":"repeat","background-position":"center center","background-size":"auto","background-attachment":"scroll","background-type":"","background-media":"","overlay-type":"","overlay-color":"","overlay-opacity":"","overlay-gradient":""},"mobile":{"background-color":"var(--ast-global-color-4)","background-image":"","background-repeat":"repeat","background-position":"center center","background-size":"auto","background-attachment":"scroll","background-type":"","background-media":"","overlay-type":"","overlay-color":"","overlay-opacity":"","overlay-gradient":""}},"footnotes":""},"class_list":["post-4801","page","type-page","status-publish","hentry"],"_links":{"self":[{"href":"https:\/\/www.robella.ch\/de\/wp-json\/wp\/v2\/pages\/4801","targetHints":{"allow":["GET"]}}],"collection":[{"href":"https:\/\/www.robella.ch\/de\/wp-json\/wp\/v2\/pages"}],"about":[{"href":"https:\/\/www.robella.ch\/de\/wp-json\/wp\/v2\/types\/page"}],"author":[{"embeddable":true,"href":"https:\/\/www.robella.ch\/de\/wp-json\/wp\/v2\/users\/1"}],"replies":[{"embeddable":true,"href":"https:\/\/www.robella.ch\/de\/wp-json\/wp\/v2\/comments?post=4801"}],"version-history":[{"count":3,"href":"https:\/\/www.robella.ch\/de\/wp-json\/wp\/v2\/pages\/4801\/revisions"}],"predecessor-version":[{"id":5976,"href":"https:\/\/www.robella.ch\/de\/wp-json\/wp\/v2\/pages\/4801\/revisions\/5976"}],"wp:attachment":[{"href":"https:\/\/www.robella.ch\/de\/wp-json\/wp\/v2\/media?parent=4801"}],"curies":[{"name":"wp","href":"https:\/\/api.w.org\/{rel}","templated":true}]}}