{"id":4843,"date":"2025-08-06T07:47:17","date_gmt":"2025-08-06T05:47:17","guid":{"rendered":"https:\/\/2065.robella.ch\/rodelbahn-feeline\/"},"modified":"2025-10-22T17:55:21","modified_gmt":"2025-10-22T15:55:21","slug":"rodelbahn-feeline","status":"publish","type":"page","link":"https:\/\/www.robella.ch\/de\/rodelbahn-feeline\/","title":{"rendered":"Rodelbahn F\u00e9eline"},"content":{"rendered":"\t\t<div data-elementor-type=\"wp-page\" data-elementor-id=\"4843\" class=\"elementor elementor-4843 elementor-1528\">\n\t\t\t\t<div class=\"elementor-element elementor-element-ff8234a e-grid e-con-boxed e-con e-parent\" data-id=\"ff8234a\" data-element_type=\"container\" data-e-type=\"container\">\n\t\t\t\t\t<div class=\"e-con-inner\">\n\t\t<div class=\"elementor-element elementor-element-93b20c9 e-con-full e-flex e-con e-child\" data-id=\"93b20c9\" data-element_type=\"container\" data-e-type=\"container\">\n\t\t<div class=\"elementor-element elementor-element-4ca553d e-con-full e-flex e-con e-child\" data-id=\"4ca553d\" data-element_type=\"container\" data-e-type=\"container\">\n\t\t\t\t<div class=\"elementor-element elementor-element-0d64e84 elementor-widget elementor-widget-image\" data-id=\"0d64e84\" data-element_type=\"widget\" data-e-type=\"widget\" data-widget_type=\"image.default\">\n\t\t\t\t<div class=\"elementor-widget-container\">\n\t\t\t\t\t\t\t\t\t\t\t\t\t\t\t\t<a href=\"https:\/\/www.youtube.com\/watch?v=HZzGKwGgiQY\" data-elementor-open-lightbox=\"yes\" data-elementor-lightbox-video=\"https:\/\/www.youtube.com\/watch?v=HZzGKwGgiQY\">\n\t\t\t\t\t\t\t<img fetchpriority=\"high\" decoding=\"async\" width=\"800\" height=\"533\" src=\"https:\/\/www.robella.ch\/wp-content\/uploads\/2025\/08\/luge-rail-feeline-video-01.webp\" class=\"attachment-full size-full wp-image-4747\" alt=\"Video F\u00e9eline-Schienenrodelbahn\" srcset=\"https:\/\/www.robella.ch\/wp-content\/uploads\/2025\/08\/luge-rail-feeline-video-01.webp 800w, https:\/\/www.robella.ch\/wp-content\/uploads\/2025\/08\/luge-rail-feeline-video-01-300x200.webp 300w, https:\/\/www.robella.ch\/wp-content\/uploads\/2025\/08\/luge-rail-feeline-video-01-768x512.webp 768w, https:\/\/www.robella.ch\/wp-content\/uploads\/2025\/08\/luge-rail-feeline-video-01-600x400.webp 600w\" sizes=\"(max-width: 800px) 100vw, 800px\" \/>\t\t\t\t\t\t\t\t<\/a>\n\t\t\t\t\t\t\t\t\t\t\t\t\t\t\t<\/div>\n\t\t\t\t<\/div>\n\t\t\t\t<\/div>\n\t\t<div class=\"elementor-element elementor-element-b3e0a9c e-grid e-con-full e-con e-child\" data-id=\"b3e0a9c\" data-element_type=\"container\" data-e-type=\"container\">\n\t\t\t\t<div class=\"elementor-element elementor-element-baf0130 elementor-widget elementor-widget-image\" data-id=\"baf0130\" data-element_type=\"widget\" data-e-type=\"widget\" id=\"data-elementor-lightbox-slideshow\" data-widget_type=\"image.default\">\n\t\t\t\t<div class=\"elementor-widget-container\">\n\t\t\t\t\t\t\t\t\t\t\t\t\t\t\t\t<a href=\"https:\/\/www.robella.ch\/wp-content\/uploads\/2025\/08\/luge-rail-feeline-02.webp\" data-elementor-open-lightbox=\"yes\" data-e-action-hash=\"#elementor-action%3Aaction%3Dlightbox%26settings%3DeyJpZCI6NDc0OCwidXJsIjoiaHR0cHM6XC9cL3d3dy5yb2JlbGxhLmNoXC93cC1jb250ZW50XC91cGxvYWRzXC8yMDI1XC8wOFwvbHVnZS1yYWlsLWZlZWxpbmUtMDIud2VicCJ9\">\n\t\t\t\t\t\t\t<img decoding=\"async\" width=\"1024\" height=\"683\" src=\"https:\/\/www.robella.ch\/wp-content\/uploads\/2025\/08\/luge-rail-feeline-02-1024x683.webp\" class=\"attachment-large size-large wp-image-4748\" alt=\"F\u00e9eline-Schienenrodelbahn - Robella Val-de-Travers\" srcset=\"https:\/\/www.robella.ch\/wp-content\/uploads\/2025\/08\/luge-rail-feeline-02-1024x683.webp 1024w, https:\/\/www.robella.ch\/wp-content\/uploads\/2025\/08\/luge-rail-feeline-02-300x200.webp 300w, https:\/\/www.robella.ch\/wp-content\/uploads\/2025\/08\/luge-rail-feeline-02-768x512.webp 768w, https:\/\/www.robella.ch\/wp-content\/uploads\/2025\/08\/luge-rail-feeline-02-600x400.webp 600w, https:\/\/www.robella.ch\/wp-content\/uploads\/2025\/08\/luge-rail-feeline-02.webp 1200w\" sizes=\"(max-width: 1024px) 100vw, 1024px\" \/>\t\t\t\t\t\t\t\t<\/a>\n\t\t\t\t\t\t\t\t\t\t\t\t\t\t\t<\/div>\n\t\t\t\t<\/div>\n\t\t\t\t<div class=\"elementor-element elementor-element-532576f elementor-widget elementor-widget-image\" data-id=\"532576f\" data-element_type=\"widget\" data-e-type=\"widget\" id=\"data-elementor-lightbox-slideshow\" data-widget_type=\"image.default\">\n\t\t\t\t<div class=\"elementor-widget-container\">\n\t\t\t\t\t\t\t\t\t\t\t\t\t\t\t\t<a href=\"https:\/\/www.robella.ch\/wp-content\/uploads\/2025\/08\/luge-rail-feeline-03.webp\" data-elementor-open-lightbox=\"yes\" data-e-action-hash=\"#elementor-action%3Aaction%3Dlightbox%26settings%3DeyJpZCI6NDc0OSwidXJsIjoiaHR0cHM6XC9cL3d3dy5yb2JlbGxhLmNoXC93cC1jb250ZW50XC91cGxvYWRzXC8yMDI1XC8wOFwvbHVnZS1yYWlsLWZlZWxpbmUtMDMud2VicCJ9\">\n\t\t\t\t\t\t\t<img decoding=\"async\" width=\"1024\" height=\"683\" src=\"https:\/\/www.robella.ch\/wp-content\/uploads\/2025\/08\/luge-rail-feeline-03-1024x683.webp\" class=\"attachment-large size-large wp-image-4749\" alt=\"F\u00e9eline-Schienenrodelbahn - Robella Val-de-Travers\" srcset=\"https:\/\/www.robella.ch\/wp-content\/uploads\/2025\/08\/luge-rail-feeline-03-1024x683.webp 1024w, https:\/\/www.robella.ch\/wp-content\/uploads\/2025\/08\/luge-rail-feeline-03-300x200.webp 300w, https:\/\/www.robella.ch\/wp-content\/uploads\/2025\/08\/luge-rail-feeline-03-768x512.webp 768w, https:\/\/www.robella.ch\/wp-content\/uploads\/2025\/08\/luge-rail-feeline-03-600x400.webp 600w, https:\/\/www.robella.ch\/wp-content\/uploads\/2025\/08\/luge-rail-feeline-03.webp 1200w\" sizes=\"(max-width: 1024px) 100vw, 1024px\" \/>\t\t\t\t\t\t\t\t<\/a>\n\t\t\t\t\t\t\t\t\t\t\t\t\t\t\t<\/div>\n\t\t\t\t<\/div>\n\t\t\t\t<div class=\"elementor-element elementor-element-1913dfe elementor-widget elementor-widget-image\" data-id=\"1913dfe\" data-element_type=\"widget\" data-e-type=\"widget\" id=\"data-elementor-lightbox-slideshow\" data-widget_type=\"image.default\">\n\t\t\t\t<div class=\"elementor-widget-container\">\n\t\t\t\t\t\t\t\t\t\t\t\t\t\t\t\t<a href=\"https:\/\/www.robella.ch\/wp-content\/uploads\/2025\/08\/luge-rail-feeline-04.webp\" data-elementor-open-lightbox=\"yes\" data-e-action-hash=\"#elementor-action%3Aaction%3Dlightbox%26settings%3DeyJpZCI6NDc1MCwidXJsIjoiaHR0cHM6XC9cL3d3dy5yb2JlbGxhLmNoXC93cC1jb250ZW50XC91cGxvYWRzXC8yMDI1XC8wOFwvbHVnZS1yYWlsLWZlZWxpbmUtMDQud2VicCJ9\">\n\t\t\t\t\t\t\t<img loading=\"lazy\" decoding=\"async\" width=\"1024\" height=\"683\" src=\"https:\/\/www.robella.ch\/wp-content\/uploads\/2025\/08\/luge-rail-feeline-04-1024x683.webp\" class=\"attachment-large size-large wp-image-4750\" alt=\"F\u00e9eline-Schienenrodelbahn - Robella Val-de-Travers\" srcset=\"https:\/\/www.robella.ch\/wp-content\/uploads\/2025\/08\/luge-rail-feeline-04-1024x683.webp 1024w, https:\/\/www.robella.ch\/wp-content\/uploads\/2025\/08\/luge-rail-feeline-04-300x200.webp 300w, https:\/\/www.robella.ch\/wp-content\/uploads\/2025\/08\/luge-rail-feeline-04-768x512.webp 768w, https:\/\/www.robella.ch\/wp-content\/uploads\/2025\/08\/luge-rail-feeline-04-600x400.webp 600w, https:\/\/www.robella.ch\/wp-content\/uploads\/2025\/08\/luge-rail-feeline-04.webp 1200w\" sizes=\"(max-width: 1024px) 100vw, 1024px\" \/>\t\t\t\t\t\t\t\t<\/a>\n\t\t\t\t\t\t\t\t\t\t\t\t\t\t\t<\/div>\n\t\t\t\t<\/div>\n\t\t\t\t<\/div>\n\t\t\t\t<\/div>\n\t\t<div class=\"elementor-element elementor-element-f51092c e-con-full e-flex e-con e-child\" data-id=\"f51092c\" data-element_type=\"container\" data-e-type=\"container\">\n\t\t<div class=\"elementor-element elementor-element-219cdd8 e-con-full e-flex e-con e-child\" data-id=\"219cdd8\" data-element_type=\"container\" data-e-type=\"container\">\n\t\t\t\t<div class=\"elementor-element elementor-element-830648a elementor-widget elementor-widget-heading\" data-id=\"830648a\" data-element_type=\"widget\" data-e-type=\"widget\" data-widget_type=\"heading.default\">\n\t\t\t\t<div class=\"elementor-widget-container\">\n\t\t\t\t\t<p class=\"elementor-heading-title elementor-size-default\">Adrenalin<\/p>\t\t\t\t<\/div>\n\t\t\t\t<\/div>\n\t\t\t\t<div class=\"elementor-element elementor-element-556a97b elementor-widget elementor-widget-heading\" data-id=\"556a97b\" data-element_type=\"widget\" data-e-type=\"widget\" data-widget_type=\"heading.default\">\n\t\t\t\t<div class=\"elementor-widget-container\">\n\t\t\t\t\t<h3 class=\"elementor-heading-title elementor-size-default\">Rodelbahn F\u00e9eline<\/h3>\t\t\t\t<\/div>\n\t\t\t\t<\/div>\n\t\t\t\t<div class=\"elementor-element elementor-element-86a391b elementor-widget elementor-widget-text-editor\" data-id=\"86a391b\" data-element_type=\"widget\" data-e-type=\"widget\" data-widget_type=\"text-editor.default\">\n\t\t\t\t<div class=\"elementor-widget-container\">\n\t\t\t\t\t\t\t\t\t<p>Auf der Robella endet das Schlitteln nicht mit dem Schnee. Sobald die warmen Tage kommen, k\u00f6nnen Gross und Klein ein einzigartiges Fahrgef\u00fchl erleben \u2013 mit der F\u00e9eline-Rodelbahn, einer spektakul\u00e4ren Attraktion, die sich zwischen Wiesen, Hecken und kleinen W\u00e4ldchen hindurchschl\u00e4ngelt. Nervenkitzel, Spass und Panorama garantiert \u2013 inmitten der jurassischen Landschaft.  <\/p>\t\t\t\t\t\t\t\t<\/div>\n\t\t\t\t<\/div>\n\t\t\t\t<div class=\"elementor-element elementor-element-8356d53 elementor-widget elementor-widget-html\" data-id=\"8356d53\" data-element_type=\"widget\" data-e-type=\"widget\" data-widget_type=\"html.default\">\n\t\t\t\t<div class=\"elementor-widget-container\">\n\t\t\t\t\t<script>window.TWEBSHOP = {\nconfig: 'Neuchatel-ServiceProvider_tds',\nlanguage: 'de',\ntheme: {\nsticky: {\noffset: 20,\nzIndex: 100000,\n}\n}\n}\n<\/script><style>#twebshop {\n--tw-button-color: #ff3399;\n--tw-button-text-color: #fff;\n--tw-button-price-color: #ff3399;\n--tw-button-price-text-color: #fff;\n--tw-box-color: #1d6bb1;\n--tw-box-text-color: #fff;\n--tw-booking-color: #dbdbdb;\n--tw-booking-text-color: #333;\n}\n<\/style><tws-experience-widget data-id=\"TDS00020013232669845\"><\/tws-experience-widget><script src=\"https:\/\/twebshop.tomas-travel.com\/app\/experience\/widget\/app.js\"><\/script><script>(function(){\n  if(window.__stripRoutingHash)return;\n  window.__stripRoutingHash=true;\n  function c(){\n    if(\/^#(?:[!\/])*$\/.test(location.hash)){\n      history.replaceState(history.state,document.title,location.pathname+location.search);\n    }\n  }\n  c();\n  addEventListener('hashchange',c,false);\n  addEventListener('popstate',c,false);\n  ['pushState','replaceState'].forEach(function(m){\n    var o=history[m];\n    history[m]=function(){\n      var r=o.apply(this,arguments);\n      Promise.resolve().then(c);\n      return r;\n    };\n  });\n  var t0=performance.now();\n  (function l(){\n    c();\n    if(performance.now()-t0<8000)requestAnimationFrame(l);\n  })();\n})();\n<\/script>\t\t\t\t<\/div>\n\t\t\t\t<\/div>\n\t\t\t\t<\/div>\n\t\t\t\t<\/div>\n\t\t\t\t\t<\/div>\n\t\t\t\t<\/div>\n\t\t<div class=\"elementor-element elementor-element-76e63c3 e-flex e-con-boxed e-con e-parent\" data-id=\"76e63c3\" data-element_type=\"container\" data-e-type=\"container\">\n\t\t\t\t\t<div class=\"e-con-inner\">\n\t\t\t\t<div class=\"elementor-element elementor-element-773dbc6 align-at-right uael-faq-box-layout-yes elementor-widget elementor-widget-uael-faq\" data-id=\"773dbc6\" data-element_type=\"widget\" data-e-type=\"widget\" data-widget_type=\"uael-faq.default\">\n\t\t\t\t<div class=\"elementor-widget-container\">\n\t\t\t\t\t\n\t\t\t<div id='uael-faq-wrapper-125' class=\"uael-faq-wrapper\">\n\t\t\t\t<div class=\"uael-faq-container uael-faq-layout-accordion\" data-layout=\"toggle\" >\n\t\t\t\t\t\t\t\t\t\t\t\t<div id=\"uael-accordion-c9c7b6c\" class=\"uael-faq-accordion\" role=\"tablist\">\n\t\t\t\t\t\t\t\t<div class= \"uael-accordion-title\" aria-expanded=\"false\" role=\"tab\">\n\t\t\t\t\t\t\t\t\t<span class=\"uael-accordion-icon uael-accordion-icon-right\">\n\t\t\t\t\t\t\t\t\t\t<span class=\"uael-accordion-icon-closed\"><svg class=\"e-font-icon-svg e-fas-angle-down\" viewBox=\"0 0 320 512\" xmlns=\"http:\/\/www.w3.org\/2000\/svg\"><path d=\"M143 352.3L7 216.3c-9.4-9.4-9.4-24.6 0-33.9l22.6-22.6c9.4-9.4 24.6-9.4 33.9 0l96.4 96.4 96.4-96.4c9.4-9.4 24.6-9.4 33.9 0l22.6 22.6c9.4 9.4 9.4 24.6 0 33.9l-136 136c-9.2 9.4-24.4 9.4-33.8 0z\"><\/path><\/svg><\/span>\n\t\t\t\t\t\t\t\t\t\t<span class=\"uael-accordion-icon-opened\"><svg class=\"e-font-icon-svg e-fas-angle-up\" viewBox=\"0 0 320 512\" xmlns=\"http:\/\/www.w3.org\/2000\/svg\"><path d=\"M177 159.7l136 136c9.4 9.4 9.4 24.6 0 33.9l-22.6 22.6c-9.4 9.4-24.6 9.4-33.9 0L160 255.9l-96.4 96.4c-9.4 9.4-24.6 9.4-33.9 0L7 329.7c-9.4-9.4-9.4-24.6 0-33.9l136-136c9.4-9.5 24.6-9.5 34-.1z\"><\/path><\/svg><\/span>\n\t\t\t\t\t\t\t\t\t<\/span>\n\t\t\t\t\t\t\t\t\t<h5 class=\"uael-question-c9c7b6c uael-question-span\" tabindex=\"0\" id=\"uael-faq-1-69e584ce4f6dc\">Eine Schienenrodelbahn \u2013 einzigartig im Kanton Neuenburg<\/h5>\n\t\t\t\t\t\t\t\t<\/div>\n\t\t\t\t\t\t\t\t<div class=\"uael-accordion-content\" role=\"tabpanel\">\n\t\t\t\t\t\t\t\t\t<span>\n\t\t\t\t\t\t\t\t\t<span><p>Die F\u00e9eline-Rodelbahn befindet sich direkt an der Talstation \u2013 ohne Sessellift. Ihre 1\u2019200 Meter lange Strecke, komplett auf Stelzen und gesichert, ist die erste ihrer Art im Kanton Neuenburg. Auf zwei Schienen wie eine Achterbahn befestigt, bieten die Zweisitzer-Rodeln rasante, aber immer kontrollierbare Abfahrten \u2013 dank integrierter Bremshebel bestimmen Sie Ihr Tempo selbst.<\/p><p>Der Parcours setzt ganz auf Kurven, Wellen und \u00dcberraschungen:<\/p><ul><li>Aufstieg: 300 m gerade Strecke<\/li><li>Abfahrt: 900 m mit Steilwandkurven, Spiralen, Wellen und Gef\u00e4llen von 5 % bis 20 %<\/li><\/ul><p>Zwischendurch lohnt sich ein Blick auf die einzigartige Aussicht ins Val-de-Travers.<\/p><h6>Das perfekte Familienerlebnis<\/h6><p>Ab 3 Jahren zug\u00e4nglich begeistert die F\u00e9eline Kinder ebenso wie Jugendliche und Erwachsene, die Lust auf Spass und Action haben.<\/p><p>Kinder unter 8 Jahren fahren gratis, sofern sie von einer mindestens 12-j\u00e4hrigen Person begleitet werden. Die Rodeln sind komfortabel (2 Pl\u00e4tze) und mit Sicherheitsgurten ausgestattet.<\/p><h6>Ein ideales Ausflugsziel \u2013 auch bei schlechtem Wetter<\/h6><p>Die F\u00e9eline-Rodelbahn ist bei jedem Wetter ge\u00f6ffnet und somit eine tolle Alternative f\u00fcr Spass im Freien \u2013 selbst wenn der Himmel grau ist. Dank ihrer Lage direkt bei der SBB-Station Buttes ist sie auch perfekt f\u00fcr einen Ausflug mit dem Zug geeignet.<\/p><h6>Konzentrierter Spass f\u00fcr 2 bis 4 Stunden<\/h6><p>Kombiniert mit weiteren Aktivit\u00e4ten an der Talstation (Minigolf, Trottinetts, Spiele) l\u00e4sst sich leicht ein halber Tag voller Erlebnisse gestalten \u2013 mit Familie oder Freunden. F\u00fcr Neugierige gibt es sogar den F\u00e9eline Pass, der mehrere Aktivit\u00e4ten einschliesst!<\/p><\/span>\t\t\t\t\t\t\t\t\t<\/span>\n\t\t\t\t\t\t\t\t<\/div>\n\t\t\t\t\t\t\t<\/div>\n\t\t\t\t\t\t\t\t\t\t\t\t\t\t<div id=\"uael-accordion-0c3d9a1\" class=\"uael-faq-accordion\" role=\"tablist\">\n\t\t\t\t\t\t\t\t<div class= \"uael-accordion-title\" aria-expanded=\"false\" role=\"tab\">\n\t\t\t\t\t\t\t\t\t<span class=\"uael-accordion-icon uael-accordion-icon-right\">\n\t\t\t\t\t\t\t\t\t\t<span class=\"uael-accordion-icon-closed\"><svg class=\"e-font-icon-svg e-fas-angle-down\" viewBox=\"0 0 320 512\" xmlns=\"http:\/\/www.w3.org\/2000\/svg\"><path d=\"M143 352.3L7 216.3c-9.4-9.4-9.4-24.6 0-33.9l22.6-22.6c9.4-9.4 24.6-9.4 33.9 0l96.4 96.4 96.4-96.4c9.4-9.4 24.6-9.4 33.9 0l22.6 22.6c9.4 9.4 9.4 24.6 0 33.9l-136 136c-9.2 9.4-24.4 9.4-33.8 0z\"><\/path><\/svg><\/span>\n\t\t\t\t\t\t\t\t\t\t<span class=\"uael-accordion-icon-opened\"><svg class=\"e-font-icon-svg e-fas-angle-up\" viewBox=\"0 0 320 512\" xmlns=\"http:\/\/www.w3.org\/2000\/svg\"><path d=\"M177 159.7l136 136c9.4 9.4 9.4 24.6 0 33.9l-22.6 22.6c-9.4 9.4-24.6 9.4-33.9 0L160 255.9l-96.4 96.4c-9.4 9.4-24.6 9.4-33.9 0L7 329.7c-9.4-9.4-9.4-24.6 0-33.9l136-136c9.4-9.5 24.6-9.5 34-.1z\"><\/path><\/svg><\/span>\n\t\t\t\t\t\t\t\t\t<\/span>\n\t\t\t\t\t\t\t\t\t<h5 class=\"uael-question-0c3d9a1 uael-question-span\" tabindex=\"0\" id=\"uael-faq-2-69e584ce4fb48\">Praktische Infos<\/h5>\n\t\t\t\t\t\t\t\t<\/div>\n\t\t\t\t\t\t\t\t<div class=\"uael-accordion-content\" role=\"tabpanel\">\n\t\t\t\t\t\t\t\t\t<span>\n\t\t\t\t\t\t\t\t\t<span><p><strong>F\u00e9eline-Rodelbahn \u2013 Freizeitpark Robella, Buttes (NE)<\/strong><\/p><ul><li>Gesamtl\u00e4nge: 1\u2019200 m (300 m Aufstieg \/ 900 m Abfahrt)<\/li><li>Gef\u00e4lle: 5 % bis 20 %<\/li><li>Typ: Schienenrodelbahn (2 Schienen)<\/li><li>Zugang: ab 3 Jahren<\/li><li>Pl\u00e4tze pro Rodel: 2<\/li><li>Sicherheitsgurte: ja<\/li><li>Empfohlene Besuchsdauer: 2\u20134 Stunden<\/li><li>Lage: direkt an der Talstation (kein Sessellift n\u00f6tig)<\/li><li>\u00d6V-Anschluss: SBB-Station Buttes in unmittelbarer N\u00e4he<\/li><li>Wetter: bei jedem Wetter ge\u00f6ffnet<\/li><li>Gruppen: auf Reservation, t\u00e4glich m\u00f6glich<\/li><li>Kategorie: Abenteuer \u2013 Outdoor<\/li><li>Geeignet f\u00fcr Kinder: 3 bis 14+ Jahre<\/li><\/ul><\/span>\t\t\t\t\t\t\t\t\t<\/span>\n\t\t\t\t\t\t\t\t<\/div>\n\t\t\t\t\t\t\t<\/div>\n\t\t\t\t\t\t\t\t\t\t\t<\/div>\n\t\t\t<\/div>\n\t\t\t\t\t\t\t<\/div>\n\t\t\t\t<\/div>\n\t\t\t\t\t<\/div>\n\t\t\t\t<\/div>\n\t\t<div class=\"elementor-element elementor-element-7e3a3ae e-flex e-con-boxed e-con e-parent\" data-id=\"7e3a3ae\" data-element_type=\"container\" data-e-type=\"container\">\n\t\t\t\t\t<div class=\"e-con-inner\">\n\t\t\t\t<div class=\"elementor-element elementor-element-c240dce elementor-widget elementor-widget-html\" data-id=\"c240dce\" data-element_type=\"widget\" data-e-type=\"widget\" data-widget_type=\"html.default\">\n\t\t\t\t<div class=\"elementor-widget-container\">\n\t\t\t\t\t<script>document.querySelectorAll(\"a[data-elementor-open-lightbox='yes']\").forEach(function(item) {\n      item.setAttribute(\"data-elementor-lightbox-slideshow\", \"customId\");\n      });\n<\/script>\t\t\t\t<\/div>\n\t\t\t\t<\/div>\n\t\t\t\t\t<\/div>\n\t\t\t\t<\/div>\n\t\t\t\t<\/div>\n\t\t","protected":false},"excerpt":{"rendered":"<p>Adrenalin Rodelbahn F\u00e9eline Auf der Robella endet das Schlitteln nicht mit dem Schnee. Sobald die warmen Tage kommen, k\u00f6nnen Gross [&hellip;]<\/p>\n","protected":false},"author":1,"featured_media":0,"parent":0,"menu_order":0,"comment_status":"closed","ping_status":"closed","template":"","meta":{"site-sidebar-layout":"no-sidebar","site-content-layout":"","ast-site-content-layout":"full-width-container","site-content-style":"unboxed","site-sidebar-style":"unboxed","ast-global-header-display":"","ast-banner-title-visibility":"","ast-main-header-display":"","ast-hfb-above-header-display":"","ast-hfb-below-header-display":"","ast-hfb-mobile-header-display":"","site-post-title":"disabled","ast-breadcrumbs-content":"","ast-featured-img":"disabled","footer-sml-layout":"","ast-disable-related-posts":"","theme-transparent-header-meta":"disabled","adv-header-id-meta":"","stick-header-meta":"enabled","header-above-stick-meta":"","header-main-stick-meta":"disabled","header-below-stick-meta":"","astra-migrate-meta-layouts":"default","ast-page-background-enabled":"default","ast-page-background-meta":{"desktop":{"background-color":"var(--ast-global-color-5)","background-image":"","background-repeat":"repeat","background-position":"center center","background-size":"auto","background-attachment":"scroll","background-type":"","background-media":"","overlay-type":"","overlay-color":"","overlay-opacity":"","overlay-gradient":""},"tablet":{"background-color":"","background-image":"","background-repeat":"repeat","background-position":"center center","background-size":"auto","background-attachment":"scroll","background-type":"","background-media":"","overlay-type":"","overlay-color":"","overlay-opacity":"","overlay-gradient":""},"mobile":{"background-color":"","background-image":"","background-repeat":"repeat","background-position":"center center","background-size":"auto","background-attachment":"scroll","background-type":"","background-media":"","overlay-type":"","overlay-color":"","overlay-opacity":"","overlay-gradient":""}},"ast-content-background-meta":{"desktop":{"background-color":"var(--ast-global-color-4)","background-image":"","background-repeat":"repeat","background-position":"center center","background-size":"auto","background-attachment":"scroll","background-type":"","background-media":"","overlay-type":"","overlay-color":"","overlay-opacity":"","overlay-gradient":""},"tablet":{"background-color":"var(--ast-global-color-4)","background-image":"","background-repeat":"repeat","background-position":"center center","background-size":"auto","background-attachment":"scroll","background-type":"","background-media":"","overlay-type":"","overlay-color":"","overlay-opacity":"","overlay-gradient":""},"mobile":{"background-color":"var(--ast-global-color-4)","background-image":"","background-repeat":"repeat","background-position":"center center","background-size":"auto","background-attachment":"scroll","background-type":"","background-media":"","overlay-type":"","overlay-color":"","overlay-opacity":"","overlay-gradient":""}},"footnotes":""},"class_list":["post-4843","page","type-page","status-publish","hentry"],"_links":{"self":[{"href":"https:\/\/www.robella.ch\/de\/wp-json\/wp\/v2\/pages\/4843","targetHints":{"allow":["GET"]}}],"collection":[{"href":"https:\/\/www.robella.ch\/de\/wp-json\/wp\/v2\/pages"}],"about":[{"href":"https:\/\/www.robella.ch\/de\/wp-json\/wp\/v2\/types\/page"}],"author":[{"embeddable":true,"href":"https:\/\/www.robella.ch\/de\/wp-json\/wp\/v2\/users\/1"}],"replies":[{"embeddable":true,"href":"https:\/\/www.robella.ch\/de\/wp-json\/wp\/v2\/comments?post=4843"}],"version-history":[{"count":8,"href":"https:\/\/www.robella.ch\/de\/wp-json\/wp\/v2\/pages\/4843\/revisions"}],"predecessor-version":[{"id":5527,"href":"https:\/\/www.robella.ch\/de\/wp-json\/wp\/v2\/pages\/4843\/revisions\/5527"}],"wp:attachment":[{"href":"https:\/\/www.robella.ch\/de\/wp-json\/wp\/v2\/media?parent=4843"}],"curies":[{"name":"wp","href":"https:\/\/api.w.org\/{rel}","templated":true}]}}