{"id":4847,"date":"2025-08-07T13:50:12","date_gmt":"2025-08-07T11:50:12","guid":{"rendered":"https:\/\/2065.robella.ch\/minigolf\/"},"modified":"2025-10-22T18:19:01","modified_gmt":"2025-10-22T16:19:01","slug":"minigolf","status":"publish","type":"page","link":"https:\/\/www.robella.ch\/de\/minigolf\/","title":{"rendered":"Minigolf"},"content":{"rendered":"\t\t<div data-elementor-type=\"wp-page\" data-elementor-id=\"4847\" class=\"elementor elementor-4847 elementor-1798\">\n\t\t\t\t<div class=\"elementor-element elementor-element-ff8234a e-grid e-con-boxed e-con e-parent\" data-id=\"ff8234a\" data-element_type=\"container\" data-e-type=\"container\">\n\t\t\t\t\t<div class=\"e-con-inner\">\n\t\t<div class=\"elementor-element elementor-element-93b20c9 e-con-full e-flex e-con e-child\" data-id=\"93b20c9\" data-element_type=\"container\" data-e-type=\"container\">\n\t\t<div class=\"elementor-element elementor-element-4ca553d e-con-full e-flex e-con e-child\" data-id=\"4ca553d\" data-element_type=\"container\" data-e-type=\"container\">\n\t\t\t\t<div class=\"elementor-element elementor-element-c5e87f3 elementor-widget elementor-widget-image\" data-id=\"c5e87f3\" data-element_type=\"widget\" data-e-type=\"widget\" data-widget_type=\"image.default\">\n\t\t\t\t<div class=\"elementor-widget-container\">\n\t\t\t\t\t\t\t\t\t\t\t\t\t\t\t\t<a href=\"https:\/\/www.robella.ch\/wp-content\/uploads\/2025\/08\/minigolf-robella-02.webp\" data-elementor-open-lightbox=\"yes\" data-e-action-hash=\"#elementor-action%3Aaction%3Dlightbox%26settings%3DeyJpZCI6NDc1NSwidXJsIjoiaHR0cHM6XC9cL3d3dy5yb2JlbGxhLmNoXC93cC1jb250ZW50XC91cGxvYWRzXC8yMDI1XC8wOFwvbWluaWdvbGYtcm9iZWxsYS0wMi53ZWJwIn0%3D\">\n\t\t\t\t\t\t\t<img fetchpriority=\"high\" decoding=\"async\" width=\"1024\" height=\"683\" src=\"https:\/\/www.robella.ch\/wp-content\/uploads\/2025\/08\/minigolf-robella-02-1024x683.webp\" class=\"attachment-large size-large wp-image-4755\" alt=\"Minigolf Robella Val-de-Travers\" srcset=\"https:\/\/www.robella.ch\/wp-content\/uploads\/2025\/08\/minigolf-robella-02-1024x683.webp 1024w, https:\/\/www.robella.ch\/wp-content\/uploads\/2025\/08\/minigolf-robella-02-300x200.webp 300w, https:\/\/www.robella.ch\/wp-content\/uploads\/2025\/08\/minigolf-robella-02-768x512.webp 768w, https:\/\/www.robella.ch\/wp-content\/uploads\/2025\/08\/minigolf-robella-02-600x400.webp 600w, https:\/\/www.robella.ch\/wp-content\/uploads\/2025\/08\/minigolf-robella-02.webp 1200w\" sizes=\"(max-width: 1024px) 100vw, 1024px\" \/>\t\t\t\t\t\t\t\t<\/a>\n\t\t\t\t\t\t\t\t\t\t\t\t\t\t\t<\/div>\n\t\t\t\t<\/div>\n\t\t\t\t<\/div>\n\t\t<div class=\"elementor-element elementor-element-b3e0a9c e-grid e-con-full e-con e-child\" data-id=\"b3e0a9c\" data-element_type=\"container\" data-e-type=\"container\">\n\t\t\t\t<div class=\"elementor-element elementor-element-baf0130 elementor-widget elementor-widget-image\" data-id=\"baf0130\" data-element_type=\"widget\" data-e-type=\"widget\" id=\"data-elementor-lightbox-slideshow\" data-widget_type=\"image.default\">\n\t\t\t\t<div class=\"elementor-widget-container\">\n\t\t\t\t\t\t\t\t\t\t\t\t\t\t\t\t<a href=\"https:\/\/www.robella.ch\/wp-content\/uploads\/2025\/08\/minigolf-robella-04.webp\" data-elementor-open-lightbox=\"yes\" data-e-action-hash=\"#elementor-action%3Aaction%3Dlightbox%26settings%3DeyJpZCI6NDc1NiwidXJsIjoiaHR0cHM6XC9cL3d3dy5yb2JlbGxhLmNoXC93cC1jb250ZW50XC91cGxvYWRzXC8yMDI1XC8wOFwvbWluaWdvbGYtcm9iZWxsYS0wNC53ZWJwIn0%3D\">\n\t\t\t\t\t\t\t<img decoding=\"async\" width=\"300\" height=\"200\" src=\"https:\/\/www.robella.ch\/wp-content\/uploads\/2025\/08\/minigolf-robella-04-300x200.webp\" class=\"attachment-medium size-medium wp-image-4756\" alt=\"Minigolf Robella Val-de-Travers\" srcset=\"https:\/\/www.robella.ch\/wp-content\/uploads\/2025\/08\/minigolf-robella-04-300x200.webp 300w, https:\/\/www.robella.ch\/wp-content\/uploads\/2025\/08\/minigolf-robella-04-1024x683.webp 1024w, https:\/\/www.robella.ch\/wp-content\/uploads\/2025\/08\/minigolf-robella-04-768x512.webp 768w, https:\/\/www.robella.ch\/wp-content\/uploads\/2025\/08\/minigolf-robella-04-600x400.webp 600w, https:\/\/www.robella.ch\/wp-content\/uploads\/2025\/08\/minigolf-robella-04.webp 1200w\" sizes=\"(max-width: 300px) 100vw, 300px\" \/>\t\t\t\t\t\t\t\t<\/a>\n\t\t\t\t\t\t\t\t\t\t\t\t\t\t\t<\/div>\n\t\t\t\t<\/div>\n\t\t\t\t<div class=\"elementor-element elementor-element-532576f elementor-widget elementor-widget-image\" data-id=\"532576f\" data-element_type=\"widget\" data-e-type=\"widget\" id=\"data-elementor-lightbox-slideshow\" data-widget_type=\"image.default\">\n\t\t\t\t<div class=\"elementor-widget-container\">\n\t\t\t\t\t\t\t\t\t\t\t\t\t\t\t\t<a href=\"https:\/\/www.robella.ch\/wp-content\/uploads\/2025\/08\/minigolf-robella-03.webp\" data-elementor-open-lightbox=\"yes\" data-e-action-hash=\"#elementor-action%3Aaction%3Dlightbox%26settings%3DeyJpZCI6NDc1NywidXJsIjoiaHR0cHM6XC9cL3d3dy5yb2JlbGxhLmNoXC93cC1jb250ZW50XC91cGxvYWRzXC8yMDI1XC8wOFwvbWluaWdvbGYtcm9iZWxsYS0wMy53ZWJwIn0%3D\">\n\t\t\t\t\t\t\t<img decoding=\"async\" width=\"300\" height=\"200\" src=\"https:\/\/www.robella.ch\/wp-content\/uploads\/2025\/08\/minigolf-robella-03-300x200.webp\" class=\"attachment-medium size-medium wp-image-4757\" alt=\"Minigolf Robella Val-de-Travers\" srcset=\"https:\/\/www.robella.ch\/wp-content\/uploads\/2025\/08\/minigolf-robella-03-300x200.webp 300w, https:\/\/www.robella.ch\/wp-content\/uploads\/2025\/08\/minigolf-robella-03-1024x683.webp 1024w, https:\/\/www.robella.ch\/wp-content\/uploads\/2025\/08\/minigolf-robella-03-768x512.webp 768w, https:\/\/www.robella.ch\/wp-content\/uploads\/2025\/08\/minigolf-robella-03-600x400.webp 600w, https:\/\/www.robella.ch\/wp-content\/uploads\/2025\/08\/minigolf-robella-03.webp 1200w\" sizes=\"(max-width: 300px) 100vw, 300px\" \/>\t\t\t\t\t\t\t\t<\/a>\n\t\t\t\t\t\t\t\t\t\t\t\t\t\t\t<\/div>\n\t\t\t\t<\/div>\n\t\t\t\t<div class=\"elementor-element elementor-element-1913dfe elementor-widget elementor-widget-image\" data-id=\"1913dfe\" data-element_type=\"widget\" data-e-type=\"widget\" id=\"data-elementor-lightbox-slideshow\" data-widget_type=\"image.default\">\n\t\t\t\t<div class=\"elementor-widget-container\">\n\t\t\t\t\t\t\t\t\t\t\t\t\t\t\t\t<a href=\"https:\/\/www.robella.ch\/wp-content\/uploads\/2025\/08\/minigolf-robella-01.webp\" data-elementor-open-lightbox=\"yes\" data-e-action-hash=\"#elementor-action%3Aaction%3Dlightbox%26settings%3DeyJpZCI6NDY0MCwidXJsIjoiaHR0cHM6XC9cL3d3dy5yb2JlbGxhLmNoXC93cC1jb250ZW50XC91cGxvYWRzXC8yMDI1XC8wOFwvbWluaWdvbGYtcm9iZWxsYS0wMS53ZWJwIn0%3D\">\n\t\t\t\t\t\t\t<img loading=\"lazy\" decoding=\"async\" width=\"300\" height=\"200\" src=\"https:\/\/www.robella.ch\/wp-content\/uploads\/2025\/08\/minigolf-robella-01-300x200.webp\" class=\"attachment-medium size-medium wp-image-4640\" alt=\"Minigolf Robella Val-de-Travers\" srcset=\"https:\/\/www.robella.ch\/wp-content\/uploads\/2025\/08\/minigolf-robella-01-300x200.webp 300w, https:\/\/www.robella.ch\/wp-content\/uploads\/2025\/08\/minigolf-robella-01-1024x683.webp 1024w, https:\/\/www.robella.ch\/wp-content\/uploads\/2025\/08\/minigolf-robella-01-768x512.webp 768w, https:\/\/www.robella.ch\/wp-content\/uploads\/2025\/08\/minigolf-robella-01-600x400.webp 600w, https:\/\/www.robella.ch\/wp-content\/uploads\/2025\/08\/minigolf-robella-01.webp 1200w\" sizes=\"(max-width: 300px) 100vw, 300px\" \/>\t\t\t\t\t\t\t\t<\/a>\n\t\t\t\t\t\t\t\t\t\t\t\t\t\t\t<\/div>\n\t\t\t\t<\/div>\n\t\t\t\t<\/div>\n\t\t\t\t<\/div>\n\t\t<div class=\"elementor-element elementor-element-f51092c e-con-full e-flex e-con e-child\" data-id=\"f51092c\" data-element_type=\"container\" data-e-type=\"container\">\n\t\t<div class=\"elementor-element elementor-element-219cdd8 e-con-full e-flex e-con e-child\" data-id=\"219cdd8\" data-element_type=\"container\" data-e-type=\"container\">\n\t\t\t\t<div class=\"elementor-element elementor-element-830648a elementor-widget elementor-widget-heading\" data-id=\"830648a\" data-element_type=\"widget\" data-e-type=\"widget\" data-widget_type=\"heading.default\">\n\t\t\t\t<div class=\"elementor-widget-container\">\n\t\t\t\t\t<p class=\"elementor-heading-title elementor-size-default\">Familie<\/p>\t\t\t\t<\/div>\n\t\t\t\t<\/div>\n\t\t\t\t<div class=\"elementor-element elementor-element-556a97b elementor-widget elementor-widget-heading\" data-id=\"556a97b\" data-element_type=\"widget\" data-e-type=\"widget\" data-widget_type=\"heading.default\">\n\t\t\t\t<div class=\"elementor-widget-container\">\n\t\t\t\t\t<h3 class=\"elementor-heading-title elementor-size-default\">Minigolf<\/h3>\t\t\t\t<\/div>\n\t\t\t\t<\/div>\n\t\t\t\t<div class=\"elementor-element elementor-element-86a391b elementor-widget elementor-widget-text-editor\" data-id=\"86a391b\" data-element_type=\"widget\" data-e-type=\"widget\" data-widget_type=\"text-editor.default\">\n\t\t\t\t<div class=\"elementor-widget-container\">\n\t\t\t\t\t\t\t\t\t<p>Er ist wieder im Trend! Minigolf ist die Attraktion, die alle Generationen verbindet. Der brandneue 18-Loch-Parcours der Robella liegt direkt an der Talstation \u2013 eingebettet in viel Gr\u00fcn und nur ein paar Schritte von der Auberge des F\u00e9es entfernt\u2026 perfekt f\u00fcr eine Erfrischung zwischen zwei Bahnen!  <\/p>\t\t\t\t\t\t\t\t<\/div>\n\t\t\t\t<\/div>\n\t\t\t\t<\/div>\n\t\t\t\t<\/div>\n\t\t\t\t\t<\/div>\n\t\t\t\t<\/div>\n\t\t<div class=\"elementor-element elementor-element-76e63c3 e-flex e-con-boxed e-con e-parent\" data-id=\"76e63c3\" data-element_type=\"container\" data-e-type=\"container\">\n\t\t\t\t\t<div class=\"e-con-inner\">\n\t\t\t\t<div class=\"elementor-element elementor-element-773dbc6 align-at-right uael-faq-box-layout-yes elementor-widget elementor-widget-uael-faq\" data-id=\"773dbc6\" data-element_type=\"widget\" data-e-type=\"widget\" data-widget_type=\"uael-faq.default\">\n\t\t\t\t<div class=\"elementor-widget-container\">\n\t\t\t\t\t\n\t\t\t<div id='uael-faq-wrapper-125' class=\"uael-faq-wrapper\">\n\t\t\t\t<div class=\"uael-faq-container uael-faq-layout-accordion\" data-layout=\"toggle\" >\n\t\t\t\t\t\t\t\t\t\t\t\t<div id=\"uael-accordion-c9c7b6c\" class=\"uael-faq-accordion\" role=\"tablist\">\n\t\t\t\t\t\t\t\t<div class= \"uael-accordion-title\" aria-expanded=\"false\" role=\"tab\">\n\t\t\t\t\t\t\t\t\t<span class=\"uael-accordion-icon uael-accordion-icon-right\">\n\t\t\t\t\t\t\t\t\t\t<span class=\"uael-accordion-icon-closed\"><svg class=\"e-font-icon-svg e-fas-angle-down\" viewBox=\"0 0 320 512\" xmlns=\"http:\/\/www.w3.org\/2000\/svg\"><path d=\"M143 352.3L7 216.3c-9.4-9.4-9.4-24.6 0-33.9l22.6-22.6c9.4-9.4 24.6-9.4 33.9 0l96.4 96.4 96.4-96.4c9.4-9.4 24.6-9.4 33.9 0l22.6 22.6c9.4 9.4 9.4 24.6 0 33.9l-136 136c-9.2 9.4-24.4 9.4-33.8 0z\"><\/path><\/svg><\/span>\n\t\t\t\t\t\t\t\t\t\t<span class=\"uael-accordion-icon-opened\"><svg class=\"e-font-icon-svg e-fas-angle-up\" viewBox=\"0 0 320 512\" xmlns=\"http:\/\/www.w3.org\/2000\/svg\"><path d=\"M177 159.7l136 136c9.4 9.4 9.4 24.6 0 33.9l-22.6 22.6c-9.4 9.4-24.6 9.4-33.9 0L160 255.9l-96.4 96.4c-9.4 9.4-24.6 9.4-33.9 0L7 329.7c-9.4-9.4-9.4-24.6 0-33.9l136-136c9.4-9.5 24.6-9.5 34-.1z\"><\/path><\/svg><\/span>\n\t\t\t\t\t\t\t\t\t<\/span>\n\t\t\t\t\t\t\t\t\t<h5 class=\"uael-question-c9c7b6c uael-question-span\" tabindex=\"0\" id=\"uael-faq-1-6a05f13679f99\">Der Minigolfplatz der Robella: 18 L\u00f6cher pures Familienvergn\u00fcgen<\/h5>\n\t\t\t\t\t\t\t\t<\/div>\n\t\t\t\t\t\t\t\t<div class=\"uael-accordion-content\" role=\"tabpanel\">\n\t\t\t\t\t\t\t\t\t<span>\n\t\t\t\t\t\t\t\t\t<span><h6>Von den Profis best\u00e4tigt<\/h6><p>Ob Anf\u00e4nger oder Gelegenheitsspieler \u2013 clever entworfene Hindernisse, unerwartete Wendungen und abwechslungsreiche Herausforderungen testen Ihre Pr\u00e4zision, Geschicklichkeit\u2026 und Geduld!<\/p><p>Rechnen Sie mit 1 bis 1,5 Stunden f\u00fcr eine komplette Runde. Und danach? Im Freizeitpark warten noch viele weitere spannende Aktivit\u00e4ten.<\/p><p>Bonus? Am Abend kann der Parcours auf Anfrage beleuchtet werden \u2013 ideal f\u00fcr Gruppen oder spezielle Events, auch nach Sonnenuntergang. Und dank der Materialmiete direkt in der Auberge des F\u00e9es ist das Spielen sogar ausserhalb der regul\u00e4ren \u00d6ffnungszeiten m\u00f6glich.<\/p><h6>Was bedeutet \u201ehomologierter Minigolf\u201c?<\/h6><p>Der Parcours der Robella ist homologiert \u2013 das heisst, er erf\u00fcllt die offiziellen Normen in Bezug auf Dimensionen, Hindernisse und Belag. Das garantiert ein ausgewogenes und faires Spielerlebnis und erm\u00f6glicht auch freundschaftliche oder offizielle Turniere. Die 18 L\u00f6cher sind so gestaltet, dass sie eine perfekte Balance zwischen Spass und Technik bieten \u2013 jede Partie wird einzigartig und spannend.<\/p><h6>Der F\u00e9eline Pass: das Multi-Aktivit\u00e4ten-Paket<\/h6><p>F\u00fcr alle, die Abwechslung suchen, bietet die Robella den <span style=\"text-decoration: underline;\"><a href=\"https:\/\/www.robella.ch\/de\/robella-pass-feeline-pass\/\">F\u00e9eline Pass<\/a><\/span> an \u2013 ein Komplettpaket mit:<\/p><ul><li>Unlimitierten Fahrten auf der F\u00e9eline-Rodelbahn<\/li><li>Einer 30-min\u00fctigen Session auf dem Pumptrack<\/li><li>Einer kompletten Minigolf-Runde<\/li><\/ul><p>Die ideale Option f\u00fcr einen halben Tag voller Aktivit\u00e4ten \u2013 zum kleinen Preis.<\/p><\/span>\t\t\t\t\t\t\t\t\t<\/span>\n\t\t\t\t\t\t\t\t<\/div>\n\t\t\t\t\t\t\t<\/div>\n\t\t\t\t\t\t\t\t\t\t\t\t\t\t<div id=\"uael-accordion-0c3d9a1\" class=\"uael-faq-accordion\" role=\"tablist\">\n\t\t\t\t\t\t\t\t<div class= \"uael-accordion-title\" aria-expanded=\"false\" role=\"tab\">\n\t\t\t\t\t\t\t\t\t<span class=\"uael-accordion-icon uael-accordion-icon-right\">\n\t\t\t\t\t\t\t\t\t\t<span class=\"uael-accordion-icon-closed\"><svg class=\"e-font-icon-svg e-fas-angle-down\" viewBox=\"0 0 320 512\" xmlns=\"http:\/\/www.w3.org\/2000\/svg\"><path d=\"M143 352.3L7 216.3c-9.4-9.4-9.4-24.6 0-33.9l22.6-22.6c9.4-9.4 24.6-9.4 33.9 0l96.4 96.4 96.4-96.4c9.4-9.4 24.6-9.4 33.9 0l22.6 22.6c9.4 9.4 9.4 24.6 0 33.9l-136 136c-9.2 9.4-24.4 9.4-33.8 0z\"><\/path><\/svg><\/span>\n\t\t\t\t\t\t\t\t\t\t<span class=\"uael-accordion-icon-opened\"><svg class=\"e-font-icon-svg e-fas-angle-up\" viewBox=\"0 0 320 512\" xmlns=\"http:\/\/www.w3.org\/2000\/svg\"><path d=\"M177 159.7l136 136c9.4 9.4 9.4 24.6 0 33.9l-22.6 22.6c-9.4 9.4-24.6 9.4-33.9 0L160 255.9l-96.4 96.4c-9.4 9.4-24.6 9.4-33.9 0L7 329.7c-9.4-9.4-9.4-24.6 0-33.9l136-136c9.4-9.5 24.6-9.5 34-.1z\"><\/path><\/svg><\/span>\n\t\t\t\t\t\t\t\t\t<\/span>\n\t\t\t\t\t\t\t\t\t<h5 class=\"uael-question-0c3d9a1 uael-question-span\" tabindex=\"0\" id=\"uael-faq-2-6a05f1367a42f\">Praktische Infos<\/h5>\n\t\t\t\t\t\t\t\t<\/div>\n\t\t\t\t\t\t\t\t<div class=\"uael-accordion-content\" role=\"tabpanel\">\n\t\t\t\t\t\t\t\t\t<span>\n\t\t\t\t\t\t\t\t\t<span><p><strong>Minigolf \u2013 Freizeitpark Robella, Buttes (NE)<\/strong><\/p><ul><li>Parcours: 18 homologierte L\u00f6cher<\/li><li>Spieldauer: ca. 1 bis 1,5 Stunden<\/li><\/ul><p><strong>Miete:<\/strong><\/p><ul><li>Material erh\u00e4ltlich an der Stationskasse und in der Auberge des F\u00e9es.<\/li><li>Am Ende des Tages gemietetes Material kann direkt in der Auberge des F\u00e9es zur\u00fcckgegeben werden.<\/li><\/ul><p><strong>Gut zu wissen:<\/strong><\/p><ul><li>Bitte vermeiden Sie die Essenszeiten f\u00fcr die Materialmiete in der Auberge des F\u00e9es.<\/li><li>Abends: Spielbeginn sp\u00e4testens 1,5 Stunden vor Schliessung des Restaurants.<\/li><li>Gesellige Aktivit\u00e4t f\u00fcr alle Altersgruppen geeignet.<\/li><\/ul><\/span>\t\t\t\t\t\t\t\t\t<\/span>\n\t\t\t\t\t\t\t\t<\/div>\n\t\t\t\t\t\t\t<\/div>\n\t\t\t\t\t\t\t\t\t\t\t<\/div>\n\t\t\t<\/div>\n\t\t\t\t\t\t\t<\/div>\n\t\t\t\t<\/div>\n\t\t\t\t\t<\/div>\n\t\t\t\t<\/div>\n\t\t<div class=\"elementor-element elementor-element-7e3a3ae e-flex e-con-boxed e-con e-parent\" data-id=\"7e3a3ae\" data-element_type=\"container\" data-e-type=\"container\">\n\t\t\t\t\t<div class=\"e-con-inner\">\n\t\t\t\t<div class=\"elementor-element elementor-element-c240dce elementor-widget elementor-widget-html\" data-id=\"c240dce\" data-element_type=\"widget\" data-e-type=\"widget\" data-widget_type=\"html.default\">\n\t\t\t\t<div class=\"elementor-widget-container\">\n\t\t\t\t\t<script>document.querySelectorAll(\"a[data-elementor-open-lightbox='yes']\").forEach(function(item) {\n      item.setAttribute(\"data-elementor-lightbox-slideshow\", \"customId\");\n      });\n<\/script>\t\t\t\t<\/div>\n\t\t\t\t<\/div>\n\t\t\t\t\t<\/div>\n\t\t\t\t<\/div>\n\t\t\t\t<\/div>\n\t\t","protected":false},"excerpt":{"rendered":"<p>Familie Minigolf Er ist wieder im Trend! Minigolf ist die Attraktion, die alle Generationen verbindet. Der brandneue 18-Loch-Parcours der Robella [&hellip;]<\/p>\n","protected":false},"author":1,"featured_media":0,"parent":0,"menu_order":0,"comment_status":"closed","ping_status":"closed","template":"","meta":{"site-sidebar-layout":"no-sidebar","site-content-layout":"","ast-site-content-layout":"full-width-container","site-content-style":"unboxed","site-sidebar-style":"unboxed","ast-global-header-display":"","ast-banner-title-visibility":"","ast-main-header-display":"","ast-hfb-above-header-display":"","ast-hfb-below-header-display":"","ast-hfb-mobile-header-display":"","site-post-title":"disabled","ast-breadcrumbs-content":"","ast-featured-img":"disabled","footer-sml-layout":"","ast-disable-related-posts":"","theme-transparent-header-meta":"disabled","adv-header-id-meta":"","stick-header-meta":"enabled","header-above-stick-meta":"","header-main-stick-meta":"disabled","header-below-stick-meta":"","astra-migrate-meta-layouts":"default","ast-page-background-enabled":"default","ast-page-background-meta":{"desktop":{"background-color":"var(--ast-global-color-5)","background-image":"","background-repeat":"repeat","background-position":"center center","background-size":"auto","background-attachment":"scroll","background-type":"","background-media":"","overlay-type":"","overlay-color":"","overlay-opacity":"","overlay-gradient":""},"tablet":{"background-color":"","background-image":"","background-repeat":"repeat","background-position":"center center","background-size":"auto","background-attachment":"scroll","background-type":"","background-media":"","overlay-type":"","overlay-color":"","overlay-opacity":"","overlay-gradient":""},"mobile":{"background-color":"","background-image":"","background-repeat":"repeat","background-position":"center center","background-size":"auto","background-attachment":"scroll","background-type":"","background-media":"","overlay-type":"","overlay-color":"","overlay-opacity":"","overlay-gradient":""}},"ast-content-background-meta":{"desktop":{"background-color":"var(--ast-global-color-4)","background-image":"","background-repeat":"repeat","background-position":"center center","background-size":"auto","background-attachment":"scroll","background-type":"","background-media":"","overlay-type":"","overlay-color":"","overlay-opacity":"","overlay-gradient":""},"tablet":{"background-color":"var(--ast-global-color-4)","background-image":"","background-repeat":"repeat","background-position":"center center","background-size":"auto","background-attachment":"scroll","background-type":"","background-media":"","overlay-type":"","overlay-color":"","overlay-opacity":"","overlay-gradient":""},"mobile":{"background-color":"var(--ast-global-color-4)","background-image":"","background-repeat":"repeat","background-position":"center center","background-size":"auto","background-attachment":"scroll","background-type":"","background-media":"","overlay-type":"","overlay-color":"","overlay-opacity":"","overlay-gradient":""}},"footnotes":""},"class_list":["post-4847","page","type-page","status-publish","hentry"],"_links":{"self":[{"href":"https:\/\/www.robella.ch\/de\/wp-json\/wp\/v2\/pages\/4847","targetHints":{"allow":["GET"]}}],"collection":[{"href":"https:\/\/www.robella.ch\/de\/wp-json\/wp\/v2\/pages"}],"about":[{"href":"https:\/\/www.robella.ch\/de\/wp-json\/wp\/v2\/types\/page"}],"author":[{"embeddable":true,"href":"https:\/\/www.robella.ch\/de\/wp-json\/wp\/v2\/users\/1"}],"replies":[{"embeddable":true,"href":"https:\/\/www.robella.ch\/de\/wp-json\/wp\/v2\/comments?post=4847"}],"version-history":[{"count":5,"href":"https:\/\/www.robella.ch\/de\/wp-json\/wp\/v2\/pages\/4847\/revisions"}],"predecessor-version":[{"id":5534,"href":"https:\/\/www.robella.ch\/de\/wp-json\/wp\/v2\/pages\/4847\/revisions\/5534"}],"wp:attachment":[{"href":"https:\/\/www.robella.ch\/de\/wp-json\/wp\/v2\/media?parent=4847"}],"curies":[{"name":"wp","href":"https:\/\/api.w.org\/{rel}","templated":true}]}}