{"id":4877,"date":"2025-09-22T15:56:30","date_gmt":"2025-09-22T13:56:30","guid":{"rendered":"https:\/\/2065.robella.ch\/?page_id=4877"},"modified":"2026-02-25T10:44:44","modified_gmt":"2026-02-25T09:44:44","slug":"kugelspiele","status":"publish","type":"page","link":"https:\/\/www.robella.ch\/de\/kugelspiele\/","title":{"rendered":"Kugelspiele"},"content":{"rendered":"\t\t<div data-elementor-type=\"wp-page\" data-elementor-id=\"4877\" class=\"elementor elementor-4877 elementor-4876\">\n\t\t\t\t<div class=\"elementor-element elementor-element-ff8234a e-grid e-con-boxed e-con e-parent\" data-id=\"ff8234a\" data-element_type=\"container\" data-e-type=\"container\">\n\t\t\t\t\t<div class=\"e-con-inner\">\n\t\t<div class=\"elementor-element elementor-element-93b20c9 e-con-full e-flex e-con e-child\" data-id=\"93b20c9\" data-element_type=\"container\" data-e-type=\"container\">\n\t\t<div class=\"elementor-element elementor-element-4ca553d e-con-full e-flex e-con e-child\" data-id=\"4ca553d\" data-element_type=\"container\" data-e-type=\"container\">\n\t\t\t\t<div class=\"elementor-element elementor-element-c5e87f3 elementor-widget elementor-widget-image\" data-id=\"c5e87f3\" data-element_type=\"widget\" data-e-type=\"widget\" data-widget_type=\"image.default\">\n\t\t\t\t<div class=\"elementor-widget-container\">\n\t\t\t\t\t\t\t\t\t\t\t\t\t\t\t\t<a href=\"https:\/\/www.robella.ch\/wp-content\/uploads\/2025\/09\/jeux-de-balles-01.webp\" data-elementor-open-lightbox=\"yes\" data-e-action-hash=\"#elementor-action%3Aaction%3Dlightbox%26settings%3DeyJpZCI6NDkwMiwidXJsIjoiaHR0cHM6XC9cL3d3dy5yb2JlbGxhLmNoXC93cC1jb250ZW50XC91cGxvYWRzXC8yMDI1XC8wOVwvamV1eC1kZS1iYWxsZXMtMDEud2VicCJ9\">\n\t\t\t\t\t\t\t<img fetchpriority=\"high\" decoding=\"async\" width=\"1024\" height=\"683\" src=\"https:\/\/www.robella.ch\/wp-content\/uploads\/2025\/09\/jeux-de-balles-01-1024x683.webp\" class=\"attachment-large size-large wp-image-4902\" alt=\"Kugelspiele \u2013 Robella Val-de-Travers\" srcset=\"https:\/\/www.robella.ch\/wp-content\/uploads\/2025\/09\/jeux-de-balles-01-1024x683.webp 1024w, https:\/\/www.robella.ch\/wp-content\/uploads\/2025\/09\/jeux-de-balles-01-300x200.webp 300w, https:\/\/www.robella.ch\/wp-content\/uploads\/2025\/09\/jeux-de-balles-01-768x512.webp 768w, https:\/\/www.robella.ch\/wp-content\/uploads\/2025\/09\/jeux-de-balles-01-600x400.webp 600w, https:\/\/www.robella.ch\/wp-content\/uploads\/2025\/09\/jeux-de-balles-01.webp 1200w\" sizes=\"(max-width: 1024px) 100vw, 1024px\" \/>\t\t\t\t\t\t\t\t<\/a>\n\t\t\t\t\t\t\t\t\t\t\t\t\t\t\t<\/div>\n\t\t\t\t<\/div>\n\t\t\t\t<\/div>\n\t\t<div class=\"elementor-element elementor-element-b3e0a9c e-grid e-con-full e-con e-child\" data-id=\"b3e0a9c\" data-element_type=\"container\" data-e-type=\"container\">\n\t\t\t\t<div class=\"elementor-element elementor-element-baf0130 elementor-widget elementor-widget-image\" data-id=\"baf0130\" data-element_type=\"widget\" data-e-type=\"widget\" id=\"data-elementor-lightbox-slideshow\" data-widget_type=\"image.default\">\n\t\t\t\t<div class=\"elementor-widget-container\">\n\t\t\t\t\t\t\t\t\t\t\t\t\t\t\t\t<a href=\"https:\/\/www.robella.ch\/wp-content\/uploads\/2025\/09\/jeux-de-balles-03.webp\" data-elementor-open-lightbox=\"yes\" data-e-action-hash=\"#elementor-action%3Aaction%3Dlightbox%26settings%3DeyJpZCI6NDkwMywidXJsIjoiaHR0cHM6XC9cL3d3dy5yb2JlbGxhLmNoXC93cC1jb250ZW50XC91cGxvYWRzXC8yMDI1XC8wOVwvamV1eC1kZS1iYWxsZXMtMDMud2VicCJ9\">\n\t\t\t\t\t\t\t<img decoding=\"async\" width=\"300\" height=\"200\" src=\"https:\/\/www.robella.ch\/wp-content\/uploads\/2025\/09\/jeux-de-balles-03-300x200.webp\" class=\"attachment-medium size-medium wp-image-4903\" alt=\"Kugelspiele \u2013 Robella Val-de-Travers\" srcset=\"https:\/\/www.robella.ch\/wp-content\/uploads\/2025\/09\/jeux-de-balles-03-300x200.webp 300w, https:\/\/www.robella.ch\/wp-content\/uploads\/2025\/09\/jeux-de-balles-03-1024x683.webp 1024w, https:\/\/www.robella.ch\/wp-content\/uploads\/2025\/09\/jeux-de-balles-03-768x512.webp 768w, https:\/\/www.robella.ch\/wp-content\/uploads\/2025\/09\/jeux-de-balles-03-600x400.webp 600w, https:\/\/www.robella.ch\/wp-content\/uploads\/2025\/09\/jeux-de-balles-03.webp 1200w\" sizes=\"(max-width: 300px) 100vw, 300px\" \/>\t\t\t\t\t\t\t\t<\/a>\n\t\t\t\t\t\t\t\t\t\t\t\t\t\t\t<\/div>\n\t\t\t\t<\/div>\n\t\t\t\t<div class=\"elementor-element elementor-element-532576f elementor-widget elementor-widget-image\" data-id=\"532576f\" data-element_type=\"widget\" data-e-type=\"widget\" id=\"data-elementor-lightbox-slideshow\" data-widget_type=\"image.default\">\n\t\t\t\t<div class=\"elementor-widget-container\">\n\t\t\t\t\t\t\t\t\t\t\t\t\t\t\t\t<a href=\"https:\/\/www.robella.ch\/wp-content\/uploads\/2025\/09\/jeux-de-balles-05.webp\" data-elementor-open-lightbox=\"yes\" data-e-action-hash=\"#elementor-action%3Aaction%3Dlightbox%26settings%3DeyJpZCI6NDkwNCwidXJsIjoiaHR0cHM6XC9cL3d3dy5yb2JlbGxhLmNoXC93cC1jb250ZW50XC91cGxvYWRzXC8yMDI1XC8wOVwvamV1eC1kZS1iYWxsZXMtMDUud2VicCJ9\">\n\t\t\t\t\t\t\t<img decoding=\"async\" width=\"300\" height=\"200\" src=\"https:\/\/www.robella.ch\/wp-content\/uploads\/2025\/09\/jeux-de-balles-05-300x200.webp\" class=\"attachment-medium size-medium wp-image-4904\" alt=\"Kugelspiele \u2013 Robella Val-de-Travers\" srcset=\"https:\/\/www.robella.ch\/wp-content\/uploads\/2025\/09\/jeux-de-balles-05-300x200.webp 300w, https:\/\/www.robella.ch\/wp-content\/uploads\/2025\/09\/jeux-de-balles-05-1024x683.webp 1024w, https:\/\/www.robella.ch\/wp-content\/uploads\/2025\/09\/jeux-de-balles-05-768x512.webp 768w, https:\/\/www.robella.ch\/wp-content\/uploads\/2025\/09\/jeux-de-balles-05-600x400.webp 600w, https:\/\/www.robella.ch\/wp-content\/uploads\/2025\/09\/jeux-de-balles-05.webp 1200w\" sizes=\"(max-width: 300px) 100vw, 300px\" \/>\t\t\t\t\t\t\t\t<\/a>\n\t\t\t\t\t\t\t\t\t\t\t\t\t\t\t<\/div>\n\t\t\t\t<\/div>\n\t\t\t\t<div class=\"elementor-element elementor-element-1913dfe elementor-widget elementor-widget-image\" data-id=\"1913dfe\" data-element_type=\"widget\" data-e-type=\"widget\" id=\"data-elementor-lightbox-slideshow\" data-widget_type=\"image.default\">\n\t\t\t\t<div class=\"elementor-widget-container\">\n\t\t\t\t\t\t\t\t\t\t\t\t\t\t\t\t<a href=\"https:\/\/www.robella.ch\/wp-content\/uploads\/2025\/09\/jeux-de-balles-04.webp\" data-elementor-open-lightbox=\"yes\" data-e-action-hash=\"#elementor-action%3Aaction%3Dlightbox%26settings%3DeyJpZCI6NDkwNSwidXJsIjoiaHR0cHM6XC9cL3d3dy5yb2JlbGxhLmNoXC93cC1jb250ZW50XC91cGxvYWRzXC8yMDI1XC8wOVwvamV1eC1kZS1iYWxsZXMtMDQud2VicCJ9\">\n\t\t\t\t\t\t\t<img loading=\"lazy\" decoding=\"async\" width=\"300\" height=\"200\" src=\"https:\/\/www.robella.ch\/wp-content\/uploads\/2025\/09\/jeux-de-balles-04-300x200.webp\" class=\"attachment-medium size-medium wp-image-4905\" alt=\"Kugelspiele \u2013 Robella Val-de-Travers\" srcset=\"https:\/\/www.robella.ch\/wp-content\/uploads\/2025\/09\/jeux-de-balles-04-300x200.webp 300w, https:\/\/www.robella.ch\/wp-content\/uploads\/2025\/09\/jeux-de-balles-04-1024x683.webp 1024w, https:\/\/www.robella.ch\/wp-content\/uploads\/2025\/09\/jeux-de-balles-04-768x512.webp 768w, https:\/\/www.robella.ch\/wp-content\/uploads\/2025\/09\/jeux-de-balles-04-600x400.webp 600w, https:\/\/www.robella.ch\/wp-content\/uploads\/2025\/09\/jeux-de-balles-04.webp 1200w\" sizes=\"(max-width: 300px) 100vw, 300px\" \/>\t\t\t\t\t\t\t\t<\/a>\n\t\t\t\t\t\t\t\t\t\t\t\t\t\t\t<\/div>\n\t\t\t\t<\/div>\n\t\t\t\t<\/div>\n\t\t\t\t<\/div>\n\t\t<div class=\"elementor-element elementor-element-f51092c e-con-full e-flex e-con e-child\" data-id=\"f51092c\" data-element_type=\"container\" data-e-type=\"container\">\n\t\t<div class=\"elementor-element elementor-element-219cdd8 e-con-full e-flex e-con e-child\" data-id=\"219cdd8\" data-element_type=\"container\" data-e-type=\"container\">\n\t\t\t\t<div class=\"elementor-element elementor-element-830648a elementor-widget elementor-widget-heading\" data-id=\"830648a\" data-element_type=\"widget\" data-e-type=\"widget\" data-widget_type=\"heading.default\">\n\t\t\t\t<div class=\"elementor-widget-container\">\n\t\t\t\t\t<p class=\"elementor-heading-title elementor-size-default\">Wandern &amp; Spass<\/p>\t\t\t\t<\/div>\n\t\t\t\t<\/div>\n\t\t\t\t<div class=\"elementor-element elementor-element-556a97b elementor-widget elementor-widget-heading\" data-id=\"556a97b\" data-element_type=\"widget\" data-e-type=\"widget\" data-widget_type=\"heading.default\">\n\t\t\t\t<div class=\"elementor-widget-container\">\n\t\t\t\t\t<h3 class=\"elementor-heading-title elementor-size-default\">Kugelspiele<\/h3>\t\t\t\t<\/div>\n\t\t\t\t<\/div>\n\t\t\t\t<div class=\"elementor-element elementor-element-86a391b elementor-widget elementor-widget-text-editor\" data-id=\"86a391b\" data-element_type=\"widget\" data-e-type=\"widget\" data-widget_type=\"text-editor.default\">\n\t\t\t\t<div class=\"elementor-widget-container\">\n\t\t\t\t\t\t\t\t\t<p>Ein spielerisches Abenteuer f\u00fcr die ganze Familie: Entdecken Sie die eindrucksvolle Natur der kleinen Robella entlang einer Wanderung durch den Wald mit 5 Holz-Kugelspielen, die Sie von der Bergstation des Sessellifts bis ins Dorf Buttes f\u00fchrt.<\/p>\t\t\t\t\t\t\t\t<\/div>\n\t\t\t\t<\/div>\n\t\t\t\t<div class=\"elementor-element elementor-element-1d8de38 elementor-widget elementor-widget-button\" data-id=\"1d8de38\" data-element_type=\"widget\" data-e-type=\"widget\" data-widget_type=\"button.default\">\n\t\t\t\t<div class=\"elementor-widget-container\">\n\t\t\t\t\t\t\t\t\t<div class=\"elementor-button-wrapper\">\n\t\t\t\t\t<a class=\"elementor-button elementor-button-link elementor-size-sm\" href=\"https:\/\/www.robella.ch\/pdf\/jeuxdeballes.pdf\" target=\"_blank\">\n\t\t\t\t\t\t<span class=\"elementor-button-content-wrapper\">\n\t\t\t\t\t\t\t\t\t<span class=\"elementor-button-text\">Plan der Kugelspiele<\/span>\n\t\t\t\t\t<\/span>\n\t\t\t\t\t<\/a>\n\t\t\t\t<\/div>\n\t\t\t\t\t\t\t\t<\/div>\n\t\t\t\t<\/div>\n\t\t\t\t<\/div>\n\t\t\t\t<\/div>\n\t\t\t\t\t<\/div>\n\t\t\t\t<\/div>\n\t\t<div class=\"elementor-element elementor-element-76e63c3 e-flex e-con-boxed e-con e-parent\" data-id=\"76e63c3\" data-element_type=\"container\" data-e-type=\"container\">\n\t\t\t\t\t<div class=\"e-con-inner\">\n\t\t\t\t<div class=\"elementor-element elementor-element-773dbc6 align-at-right uael-faq-box-layout-yes elementor-widget elementor-widget-uael-faq\" data-id=\"773dbc6\" data-element_type=\"widget\" data-e-type=\"widget\" data-widget_type=\"uael-faq.default\">\n\t\t\t\t<div class=\"elementor-widget-container\">\n\t\t\t\t\t\n\t\t\t<div id='uael-faq-wrapper-125' class=\"uael-faq-wrapper\">\n\t\t\t\t<div class=\"uael-faq-container uael-faq-layout-accordion\" data-layout=\"toggle\" >\n\t\t\t\t\t\t\t\t\t\t\t\t<div id=\"uael-accordion-c9c7b6c\" class=\"uael-faq-accordion\" role=\"tablist\">\n\t\t\t\t\t\t\t\t<div class= \"uael-accordion-title\" aria-expanded=\"false\" role=\"tab\">\n\t\t\t\t\t\t\t\t\t<span class=\"uael-accordion-icon uael-accordion-icon-right\">\n\t\t\t\t\t\t\t\t\t\t<span class=\"uael-accordion-icon-closed\"><svg class=\"e-font-icon-svg e-fas-angle-down\" viewBox=\"0 0 320 512\" xmlns=\"http:\/\/www.w3.org\/2000\/svg\"><path d=\"M143 352.3L7 216.3c-9.4-9.4-9.4-24.6 0-33.9l22.6-22.6c9.4-9.4 24.6-9.4 33.9 0l96.4 96.4 96.4-96.4c9.4-9.4 24.6-9.4 33.9 0l22.6 22.6c9.4 9.4 9.4 24.6 0 33.9l-136 136c-9.2 9.4-24.4 9.4-33.8 0z\"><\/path><\/svg><\/span>\n\t\t\t\t\t\t\t\t\t\t<span class=\"uael-accordion-icon-opened\"><svg class=\"e-font-icon-svg e-fas-angle-up\" viewBox=\"0 0 320 512\" xmlns=\"http:\/\/www.w3.org\/2000\/svg\"><path d=\"M177 159.7l136 136c9.4 9.4 9.4 24.6 0 33.9l-22.6 22.6c-9.4 9.4-24.6 9.4-33.9 0L160 255.9l-96.4 96.4c-9.4 9.4-24.6 9.4-33.9 0L7 329.7c-9.4-9.4-9.4-24.6 0-33.9l136-136c9.4-9.5 24.6-9.5 34-.1z\"><\/path><\/svg><\/span>\n\t\t\t\t\t\t\t\t\t<\/span>\n\t\t\t\t\t\t\t\t\t<h5 class=\"uael-question-c9c7b6c uael-question-span\" tabindex=\"0\" id=\"uael-faq-1-69de40a063b1e\">Gehen, spielen, durchatmen!<\/h5>\n\t\t\t\t\t\t\t\t<\/div>\n\t\t\t\t\t\t\t\t<div class=\"uael-accordion-content\" role=\"tabpanel\">\n\t\t\t\t\t\t\t\t\t<span>\n\t\t\t\t\t\t\t\t\t<span><p>Zum 125-Jahr-Jubil\u00e4um der Raiffeisenbank er\u00f6ffnet die Robella eine originelle Aktivit\u00e4t: das Kugelspiel.<\/p><p>Ausger\u00fcstet mit Ihrer Kugel (erh\u00e4ltlich an der Kasse der Anlagen), begeben Sie sich auf einen Wanderweg und entdecken Sie 5 Spielstationen aus Holz, die in der Region von der Schreinerei Thi\u00e9baud mit lokalem Holz entworfen und gefertigt wurden.<\/p><p>Das Kugelspiel ist ein wunderbares Mittel, um Kinder zum Wandern zu motivieren. Glauben Sie uns: Statt zu tr\u00f6deln laufen sie voller Begeisterung zur n\u00e4chsten Station, um ihre Kugel rollen zu lassen. An jeder Etappe wartet eine neue Herausforderung!<\/p><p>Dieser 4,3 km lange Abstieg (ca. 1,5 bis 2 Stunden) schl\u00e4ngelt sich zwischen Wald und Weiden durch eine eindrucksvolle Naturlandschaft. Der markierte Wanderweg verbindet die Bergstation des Sessellifts auf dem Plateau von La Robella mit der Talstation der Anlagen. Er bietet eine originelle M\u00f6glichkeit, als Familie zu wandern.<\/p><p>Und das Beste: Am Ende nehmen Sie Ihre Kugel als Andenken mit nach Hause!<\/p><\/span>\t\t\t\t\t\t\t\t\t<\/span>\n\t\t\t\t\t\t\t\t<\/div>\n\t\t\t\t\t\t\t<\/div>\n\t\t\t\t\t\t\t\t\t\t\t\t\t\t<div id=\"uael-accordion-ad850a2\" class=\"uael-faq-accordion\" role=\"tablist\">\n\t\t\t\t\t\t\t\t<div class= \"uael-accordion-title\" aria-expanded=\"false\" role=\"tab\">\n\t\t\t\t\t\t\t\t\t<span class=\"uael-accordion-icon uael-accordion-icon-right\">\n\t\t\t\t\t\t\t\t\t\t<span class=\"uael-accordion-icon-closed\"><svg class=\"e-font-icon-svg e-fas-angle-down\" viewBox=\"0 0 320 512\" xmlns=\"http:\/\/www.w3.org\/2000\/svg\"><path d=\"M143 352.3L7 216.3c-9.4-9.4-9.4-24.6 0-33.9l22.6-22.6c9.4-9.4 24.6-9.4 33.9 0l96.4 96.4 96.4-96.4c9.4-9.4 24.6-9.4 33.9 0l22.6 22.6c9.4 9.4 9.4 24.6 0 33.9l-136 136c-9.2 9.4-24.4 9.4-33.8 0z\"><\/path><\/svg><\/span>\n\t\t\t\t\t\t\t\t\t\t<span class=\"uael-accordion-icon-opened\"><svg class=\"e-font-icon-svg e-fas-angle-up\" viewBox=\"0 0 320 512\" xmlns=\"http:\/\/www.w3.org\/2000\/svg\"><path d=\"M177 159.7l136 136c9.4 9.4 9.4 24.6 0 33.9l-22.6 22.6c-9.4 9.4-24.6 9.4-33.9 0L160 255.9l-96.4 96.4c-9.4 9.4-24.6 9.4-33.9 0L7 329.7c-9.4-9.4-9.4-24.6 0-33.9l136-136c9.4-9.5 24.6-9.5 34-.1z\"><\/path><\/svg><\/span>\n\t\t\t\t\t\t\t\t\t<\/span>\n\t\t\t\t\t\t\t\t\t<h5 class=\"uael-question-ad850a2 uael-question-span\" tabindex=\"0\" id=\"uael-faq-2-69de40a064232\">Was ist das Kugelspiel?<\/h5>\n\t\t\t\t\t\t\t\t<\/div>\n\t\t\t\t\t\t\t\t<div class=\"uael-accordion-content\" role=\"tabpanel\">\n\t\t\t\t\t\t\t\t\t<span>\n\t\t\t\t\t\t\t\t\t<span><p>Das Prinzip ist einfach: Mit Ihrer Kugel lassen Sie sie \u00fcber verschiedene Spielstationen in der Natur rollen.<\/p><p>Ganz von selbst beginnt die Kugel zu rollen, zu beschleunigen, Kurven zu nehmen, Hindernisse zu \u00fcberwinden, bergauf und bergab zu gehen\u2026 Jede Station bietet eine andere Herausforderung \u2013 zum Spass f\u00fcr Klein und Gross.<\/p><\/span>\t\t\t\t\t\t\t\t\t<\/span>\n\t\t\t\t\t\t\t\t<\/div>\n\t\t\t\t\t\t\t<\/div>\n\t\t\t\t\t\t\t\t\t\t\t\t\t\t<div id=\"uael-accordion-9bc7917\" class=\"uael-faq-accordion\" role=\"tablist\">\n\t\t\t\t\t\t\t\t<div class= \"uael-accordion-title\" aria-expanded=\"false\" role=\"tab\">\n\t\t\t\t\t\t\t\t\t<span class=\"uael-accordion-icon uael-accordion-icon-right\">\n\t\t\t\t\t\t\t\t\t\t<span class=\"uael-accordion-icon-closed\"><svg class=\"e-font-icon-svg e-fas-angle-down\" viewBox=\"0 0 320 512\" xmlns=\"http:\/\/www.w3.org\/2000\/svg\"><path d=\"M143 352.3L7 216.3c-9.4-9.4-9.4-24.6 0-33.9l22.6-22.6c9.4-9.4 24.6-9.4 33.9 0l96.4 96.4 96.4-96.4c9.4-9.4 24.6-9.4 33.9 0l22.6 22.6c9.4 9.4 9.4 24.6 0 33.9l-136 136c-9.2 9.4-24.4 9.4-33.8 0z\"><\/path><\/svg><\/span>\n\t\t\t\t\t\t\t\t\t\t<span class=\"uael-accordion-icon-opened\"><svg class=\"e-font-icon-svg e-fas-angle-up\" viewBox=\"0 0 320 512\" xmlns=\"http:\/\/www.w3.org\/2000\/svg\"><path d=\"M177 159.7l136 136c9.4 9.4 9.4 24.6 0 33.9l-22.6 22.6c-9.4 9.4-24.6 9.4-33.9 0L160 255.9l-96.4 96.4c-9.4 9.4-24.6 9.4-33.9 0L7 329.7c-9.4-9.4-9.4-24.6 0-33.9l136-136c9.4-9.5 24.6-9.5 34-.1z\"><\/path><\/svg><\/span>\n\t\t\t\t\t\t\t\t\t<\/span>\n\t\t\t\t\t\t\t\t\t<h5 class=\"uael-question-9bc7917 uael-question-span\" tabindex=\"0\" id=\"uael-faq-3-69de40a0642ef\">Natur, familienfreundlich und zug\u00e4nglich<\/h5>\n\t\t\t\t\t\t\t\t<\/div>\n\t\t\t\t\t\t\t\t<div class=\"uael-accordion-content\" role=\"tabpanel\">\n\t\t\t\t\t\t\t\t\t<span>\n\t\t\t\t\t\t\t\t\t<span><p>Holzspiele, harmonisch in die Landschaft integriert \u2013 ohne Plastik und grelle Farben<\/p><p>Zug\u00e4nglich und spielerisch f\u00fcr Kinder wie Erwachsene<\/p><p>Attraktiver Preis: ein g\u00fcnstiges Erlebnis f\u00fcr die ganze Familie<\/p><\/span>\t\t\t\t\t\t\t\t\t<\/span>\n\t\t\t\t\t\t\t\t<\/div>\n\t\t\t\t\t\t\t<\/div>\n\t\t\t\t\t\t\t\t\t\t\t\t\t\t<div id=\"uael-accordion-200657c\" class=\"uael-faq-accordion\" role=\"tablist\">\n\t\t\t\t\t\t\t\t<div class= \"uael-accordion-title\" aria-expanded=\"false\" role=\"tab\">\n\t\t\t\t\t\t\t\t\t<span class=\"uael-accordion-icon uael-accordion-icon-right\">\n\t\t\t\t\t\t\t\t\t\t<span class=\"uael-accordion-icon-closed\"><svg class=\"e-font-icon-svg e-fas-angle-down\" viewBox=\"0 0 320 512\" xmlns=\"http:\/\/www.w3.org\/2000\/svg\"><path d=\"M143 352.3L7 216.3c-9.4-9.4-9.4-24.6 0-33.9l22.6-22.6c9.4-9.4 24.6-9.4 33.9 0l96.4 96.4 96.4-96.4c9.4-9.4 24.6-9.4 33.9 0l22.6 22.6c9.4 9.4 9.4 24.6 0 33.9l-136 136c-9.2 9.4-24.4 9.4-33.8 0z\"><\/path><\/svg><\/span>\n\t\t\t\t\t\t\t\t\t\t<span class=\"uael-accordion-icon-opened\"><svg class=\"e-font-icon-svg e-fas-angle-up\" viewBox=\"0 0 320 512\" xmlns=\"http:\/\/www.w3.org\/2000\/svg\"><path d=\"M177 159.7l136 136c9.4 9.4 9.4 24.6 0 33.9l-22.6 22.6c-9.4 9.4-24.6 9.4-33.9 0L160 255.9l-96.4 96.4c-9.4 9.4-24.6 9.4-33.9 0L7 329.7c-9.4-9.4-9.4-24.6 0-33.9l136-136c9.4-9.5 24.6-9.5 34-.1z\"><\/path><\/svg><\/span>\n\t\t\t\t\t\t\t\t\t<\/span>\n\t\t\t\t\t\t\t\t\t<h5 class=\"uael-question-200657c uael-question-span\" tabindex=\"0\" id=\"uael-faq-4-69de40a064397\">Praktische Infos<\/h5>\n\t\t\t\t\t\t\t\t<\/div>\n\t\t\t\t\t\t\t\t<div class=\"uael-accordion-content\" role=\"tabpanel\">\n\t\t\t\t\t\t\t\t\t<span>\n\t\t\t\t\t\t\t\t\t<span><p><strong>Kugelspiele \u2013 Freizeitpark Robella, Buttes (NE)<\/strong><\/p><ul><li>Die Kugelspiele sind w\u00e4hrend der gesamten Sommersaison des Sessellifts zug\u00e4nglich.<\/li><li>Der Parcours verl\u00e4uft im Wald und folgt dem markierten Wanderweg. Gutes Schuhwerk ist erforderlich. Der Weg ist weder f\u00fcr Kinderwagen noch f\u00fcr Personen mit eingeschr\u00e4nkter Mobilit\u00e4t geeignet.<\/li><li>Kauf der Kugel: an der Kasse der Anlagen, bei der Talstation des Sessellifts.<\/li><li>L\u00e4nge der Strecke: 4,3 km abw\u00e4rts.<\/li><li>Dauer: 1,5 bis 2 Stunden.<\/li><li>Abstieg: 450 m.<\/li><li>Konzeption &amp; Bau: von einer regionalen Schreinerei mit lokalem Holz.<\/li><li>Tipp: Am Ziel lohnt sich eine Fahrt auf der F\u00e9eline-Rodelbahn \u2013 ein perfekter Abschluss des Tages (gratis f\u00fcr Kinder unter 8 Jahren).<\/li><\/ul><\/span>\t\t\t\t\t\t\t\t\t<\/span>\n\t\t\t\t\t\t\t\t<\/div>\n\t\t\t\t\t\t\t<\/div>\n\t\t\t\t\t\t\t\t\t\t\t<\/div>\n\t\t\t<\/div>\n\t\t\t\t\t\t\t<\/div>\n\t\t\t\t<\/div>\n\t\t\t\t\t<\/div>\n\t\t\t\t<\/div>\n\t\t<div class=\"elementor-element elementor-element-7e3a3ae e-flex e-con-boxed e-con e-parent\" data-id=\"7e3a3ae\" data-element_type=\"container\" data-e-type=\"container\">\n\t\t\t\t\t<div class=\"e-con-inner\">\n\t\t\t\t<div class=\"elementor-element elementor-element-c240dce elementor-widget elementor-widget-html\" data-id=\"c240dce\" data-element_type=\"widget\" data-e-type=\"widget\" data-widget_type=\"html.default\">\n\t\t\t\t<div class=\"elementor-widget-container\">\n\t\t\t\t\t<script>document.querySelectorAll(\"a[data-elementor-open-lightbox='yes']\").forEach(function(item) {\n      item.setAttribute(\"data-elementor-lightbox-slideshow\", \"customId\");\n      });\n<\/script>\t\t\t\t<\/div>\n\t\t\t\t<\/div>\n\t\t\t\t\t<\/div>\n\t\t\t\t<\/div>\n\t\t\t\t<\/div>\n\t\t","protected":false},"excerpt":{"rendered":"<p>Wandern &amp; Spass Kugelspiele Ein spielerisches Abenteuer f\u00fcr die ganze Familie: Entdecken Sie die eindrucksvolle Natur der kleinen Robella entlang [&hellip;]<\/p>\n","protected":false},"author":1,"featured_media":0,"parent":0,"menu_order":0,"comment_status":"closed","ping_status":"closed","template":"","meta":{"site-sidebar-layout":"no-sidebar","site-content-layout":"","ast-site-content-layout":"full-width-container","site-content-style":"unboxed","site-sidebar-style":"unboxed","ast-global-header-display":"","ast-banner-title-visibility":"","ast-main-header-display":"","ast-hfb-above-header-display":"","ast-hfb-below-header-display":"","ast-hfb-mobile-header-display":"","site-post-title":"disabled","ast-breadcrumbs-content":"","ast-featured-img":"disabled","footer-sml-layout":"","ast-disable-related-posts":"","theme-transparent-header-meta":"disabled","adv-header-id-meta":"","stick-header-meta":"enabled","header-above-stick-meta":"","header-main-stick-meta":"disabled","header-below-stick-meta":"","astra-migrate-meta-layouts":"default","ast-page-background-enabled":"default","ast-page-background-meta":{"desktop":{"background-color":"var(--ast-global-color-5)","background-image":"","background-repeat":"repeat","background-position":"center center","background-size":"auto","background-attachment":"scroll","background-type":"","background-media":"","overlay-type":"","overlay-color":"","overlay-opacity":"","overlay-gradient":""},"tablet":{"background-color":"","background-image":"","background-repeat":"repeat","background-position":"center center","background-size":"auto","background-attachment":"scroll","background-type":"","background-media":"","overlay-type":"","overlay-color":"","overlay-opacity":"","overlay-gradient":""},"mobile":{"background-color":"","background-image":"","background-repeat":"repeat","background-position":"center center","background-size":"auto","background-attachment":"scroll","background-type":"","background-media":"","overlay-type":"","overlay-color":"","overlay-opacity":"","overlay-gradient":""}},"ast-content-background-meta":{"desktop":{"background-color":"var(--ast-global-color-4)","background-image":"","background-repeat":"repeat","background-position":"center center","background-size":"auto","background-attachment":"scroll","background-type":"","background-media":"","overlay-type":"","overlay-color":"","overlay-opacity":"","overlay-gradient":""},"tablet":{"background-color":"var(--ast-global-color-4)","background-image":"","background-repeat":"repeat","background-position":"center center","background-size":"auto","background-attachment":"scroll","background-type":"","background-media":"","overlay-type":"","overlay-color":"","overlay-opacity":"","overlay-gradient":""},"mobile":{"background-color":"var(--ast-global-color-4)","background-image":"","background-repeat":"repeat","background-position":"center center","background-size":"auto","background-attachment":"scroll","background-type":"","background-media":"","overlay-type":"","overlay-color":"","overlay-opacity":"","overlay-gradient":""}},"footnotes":""},"class_list":["post-4877","page","type-page","status-publish","hentry"],"_links":{"self":[{"href":"https:\/\/www.robella.ch\/de\/wp-json\/wp\/v2\/pages\/4877","targetHints":{"allow":["GET"]}}],"collection":[{"href":"https:\/\/www.robella.ch\/de\/wp-json\/wp\/v2\/pages"}],"about":[{"href":"https:\/\/www.robella.ch\/de\/wp-json\/wp\/v2\/types\/page"}],"author":[{"embeddable":true,"href":"https:\/\/www.robella.ch\/de\/wp-json\/wp\/v2\/users\/1"}],"replies":[{"embeddable":true,"href":"https:\/\/www.robella.ch\/de\/wp-json\/wp\/v2\/comments?post=4877"}],"version-history":[{"count":9,"href":"https:\/\/www.robella.ch\/de\/wp-json\/wp\/v2\/pages\/4877\/revisions"}],"predecessor-version":[{"id":5914,"href":"https:\/\/www.robella.ch\/de\/wp-json\/wp\/v2\/pages\/4877\/revisions\/5914"}],"wp:attachment":[{"href":"https:\/\/www.robella.ch\/de\/wp-json\/wp\/v2\/media?parent=4877"}],"curies":[{"name":"wp","href":"https:\/\/api.w.org\/{rel}","templated":true}]}}