{"id":4924,"date":"2025-08-10T08:44:44","date_gmt":"2025-08-10T06:44:44","guid":{"rendered":"https:\/\/2065.robella.ch\/sessellift\/"},"modified":"2025-10-22T17:31:54","modified_gmt":"2025-10-22T15:31:54","slug":"sessellift","status":"publish","type":"page","link":"https:\/\/www.robella.ch\/de\/sessellift\/","title":{"rendered":"Sessellift"},"content":{"rendered":"\t\t<div data-elementor-type=\"wp-page\" data-elementor-id=\"4924\" class=\"elementor elementor-4924 elementor-1977\">\n\t\t\t\t<div class=\"elementor-element elementor-element-ff8234a e-grid e-con-boxed e-con e-parent\" data-id=\"ff8234a\" data-element_type=\"container\" data-e-type=\"container\">\n\t\t\t\t\t<div class=\"e-con-inner\">\n\t\t<div class=\"elementor-element elementor-element-93b20c9 e-con-full e-flex e-con e-child\" data-id=\"93b20c9\" data-element_type=\"container\" data-e-type=\"container\">\n\t\t<div class=\"elementor-element elementor-element-4ca553d e-con-full e-flex e-con e-child\" data-id=\"4ca553d\" data-element_type=\"container\" data-e-type=\"container\">\n\t\t\t\t<div class=\"elementor-element elementor-element-c5e87f3 elementor-widget elementor-widget-image\" data-id=\"c5e87f3\" data-element_type=\"widget\" data-e-type=\"widget\" data-widget_type=\"image.default\">\n\t\t\t\t<div class=\"elementor-widget-container\">\n\t\t\t\t\t\t\t\t\t\t\t\t\t\t\t\t<a href=\"https:\/\/www.robella.ch\/wp-content\/uploads\/2025\/08\/telesiege-robella-val-de-travers-01.webp\" data-elementor-open-lightbox=\"yes\" data-e-action-hash=\"#elementor-action%3Aaction%3Dlightbox%26settings%3DeyJpZCI6NDY1MSwidXJsIjoiaHR0cHM6XC9cL3d3dy5yb2JlbGxhLmNoXC93cC1jb250ZW50XC91cGxvYWRzXC8yMDI1XC8wOFwvdGVsZXNpZWdlLXJvYmVsbGEtdmFsLWRlLXRyYXZlcnMtMDEud2VicCJ9\">\n\t\t\t\t\t\t\t<img fetchpriority=\"high\" decoding=\"async\" width=\"1024\" height=\"683\" src=\"https:\/\/www.robella.ch\/wp-content\/uploads\/2025\/08\/telesiege-robella-val-de-travers-01-1024x683.webp\" class=\"attachment-large size-large wp-image-4651\" alt=\"Sessellift Robella Val-de-Travers\" srcset=\"https:\/\/www.robella.ch\/wp-content\/uploads\/2025\/08\/telesiege-robella-val-de-travers-01-1024x683.webp 1024w, https:\/\/www.robella.ch\/wp-content\/uploads\/2025\/08\/telesiege-robella-val-de-travers-01-300x200.webp 300w, https:\/\/www.robella.ch\/wp-content\/uploads\/2025\/08\/telesiege-robella-val-de-travers-01-768x512.webp 768w, https:\/\/www.robella.ch\/wp-content\/uploads\/2025\/08\/telesiege-robella-val-de-travers-01-600x400.webp 600w, https:\/\/www.robella.ch\/wp-content\/uploads\/2025\/08\/telesiege-robella-val-de-travers-01.webp 1200w\" sizes=\"(max-width: 1024px) 100vw, 1024px\" \/>\t\t\t\t\t\t\t\t<\/a>\n\t\t\t\t\t\t\t\t\t\t\t\t\t\t\t<\/div>\n\t\t\t\t<\/div>\n\t\t\t\t<\/div>\n\t\t<div class=\"elementor-element elementor-element-b3e0a9c e-grid e-con-full e-con e-child\" data-id=\"b3e0a9c\" data-element_type=\"container\" data-e-type=\"container\">\n\t\t\t\t<div class=\"elementor-element elementor-element-baf0130 elementor-widget elementor-widget-image\" data-id=\"baf0130\" data-element_type=\"widget\" data-e-type=\"widget\" id=\"data-elementor-lightbox-slideshow\" data-widget_type=\"image.default\">\n\t\t\t\t<div class=\"elementor-widget-container\">\n\t\t\t\t\t\t\t\t\t\t\t\t\t\t\t\t<a href=\"https:\/\/www.robella.ch\/wp-content\/uploads\/2025\/08\/telesiege-robella-val-de-travers-02.webp\" data-elementor-open-lightbox=\"yes\" data-e-action-hash=\"#elementor-action%3Aaction%3Dlightbox%26settings%3DeyJpZCI6NDc3NywidXJsIjoiaHR0cHM6XC9cL3d3dy5yb2JlbGxhLmNoXC93cC1jb250ZW50XC91cGxvYWRzXC8yMDI1XC8wOFwvdGVsZXNpZWdlLXJvYmVsbGEtdmFsLWRlLXRyYXZlcnMtMDIud2VicCJ9\">\n\t\t\t\t\t\t\t<img decoding=\"async\" width=\"300\" height=\"200\" src=\"https:\/\/www.robella.ch\/wp-content\/uploads\/2025\/08\/telesiege-robella-val-de-travers-02-300x200.webp\" class=\"attachment-medium size-medium wp-image-4777\" alt=\"Sessellift Robella Val-de-Travers\" srcset=\"https:\/\/www.robella.ch\/wp-content\/uploads\/2025\/08\/telesiege-robella-val-de-travers-02-300x200.webp 300w, https:\/\/www.robella.ch\/wp-content\/uploads\/2025\/08\/telesiege-robella-val-de-travers-02-1024x683.webp 1024w, https:\/\/www.robella.ch\/wp-content\/uploads\/2025\/08\/telesiege-robella-val-de-travers-02-768x512.webp 768w, https:\/\/www.robella.ch\/wp-content\/uploads\/2025\/08\/telesiege-robella-val-de-travers-02-600x400.webp 600w, https:\/\/www.robella.ch\/wp-content\/uploads\/2025\/08\/telesiege-robella-val-de-travers-02.webp 1200w\" sizes=\"(max-width: 300px) 100vw, 300px\" \/>\t\t\t\t\t\t\t\t<\/a>\n\t\t\t\t\t\t\t\t\t\t\t\t\t\t\t<\/div>\n\t\t\t\t<\/div>\n\t\t\t\t<div class=\"elementor-element elementor-element-532576f elementor-widget elementor-widget-image\" data-id=\"532576f\" data-element_type=\"widget\" data-e-type=\"widget\" id=\"data-elementor-lightbox-slideshow\" data-widget_type=\"image.default\">\n\t\t\t\t<div class=\"elementor-widget-container\">\n\t\t\t\t\t\t\t\t\t\t\t\t\t\t\t\t<a href=\"https:\/\/www.robella.ch\/wp-content\/uploads\/2025\/08\/telesiege-robella-val-de-travers-03.webp\" data-elementor-open-lightbox=\"yes\" data-e-action-hash=\"#elementor-action%3Aaction%3Dlightbox%26settings%3DeyJpZCI6NDYzOSwidXJsIjoiaHR0cHM6XC9cL3d3dy5yb2JlbGxhLmNoXC93cC1jb250ZW50XC91cGxvYWRzXC8yMDI1XC8wOFwvdGVsZXNpZWdlLXJvYmVsbGEtdmFsLWRlLXRyYXZlcnMtMDMud2VicCJ9\">\n\t\t\t\t\t\t\t<img decoding=\"async\" width=\"300\" height=\"200\" src=\"https:\/\/www.robella.ch\/wp-content\/uploads\/2025\/08\/telesiege-robella-val-de-travers-03-300x200.webp\" class=\"attachment-medium size-medium wp-image-4639\" alt=\"Sessellift Robella Val-de-Travers\" srcset=\"https:\/\/www.robella.ch\/wp-content\/uploads\/2025\/08\/telesiege-robella-val-de-travers-03-300x200.webp 300w, https:\/\/www.robella.ch\/wp-content\/uploads\/2025\/08\/telesiege-robella-val-de-travers-03-1024x683.webp 1024w, https:\/\/www.robella.ch\/wp-content\/uploads\/2025\/08\/telesiege-robella-val-de-travers-03-768x512.webp 768w, https:\/\/www.robella.ch\/wp-content\/uploads\/2025\/08\/telesiege-robella-val-de-travers-03-600x400.webp 600w, https:\/\/www.robella.ch\/wp-content\/uploads\/2025\/08\/telesiege-robella-val-de-travers-03.webp 1200w\" sizes=\"(max-width: 300px) 100vw, 300px\" \/>\t\t\t\t\t\t\t\t<\/a>\n\t\t\t\t\t\t\t\t\t\t\t\t\t\t\t<\/div>\n\t\t\t\t<\/div>\n\t\t\t\t<div class=\"elementor-element elementor-element-1913dfe elementor-widget elementor-widget-image\" data-id=\"1913dfe\" data-element_type=\"widget\" data-e-type=\"widget\" id=\"data-elementor-lightbox-slideshow\" data-widget_type=\"image.default\">\n\t\t\t\t<div class=\"elementor-widget-container\">\n\t\t\t\t\t\t\t\t\t\t\t\t\t\t\t\t<a href=\"https:\/\/www.robella.ch\/wp-content\/uploads\/2025\/08\/telesiege-robella-val-de-travers-04.webp\" data-elementor-open-lightbox=\"yes\" data-e-action-hash=\"#elementor-action%3Aaction%3Dlightbox%26settings%3DeyJpZCI6NDc3OCwidXJsIjoiaHR0cHM6XC9cL3d3dy5yb2JlbGxhLmNoXC93cC1jb250ZW50XC91cGxvYWRzXC8yMDI1XC8wOFwvdGVsZXNpZWdlLXJvYmVsbGEtdmFsLWRlLXRyYXZlcnMtMDQud2VicCJ9\">\n\t\t\t\t\t\t\t<img loading=\"lazy\" decoding=\"async\" width=\"300\" height=\"200\" src=\"https:\/\/www.robella.ch\/wp-content\/uploads\/2025\/08\/telesiege-robella-val-de-travers-04-300x200.webp\" class=\"attachment-medium size-medium wp-image-4778\" alt=\"Sessellift Robella Val-de-Travers\" srcset=\"https:\/\/www.robella.ch\/wp-content\/uploads\/2025\/08\/telesiege-robella-val-de-travers-04-300x200.webp 300w, https:\/\/www.robella.ch\/wp-content\/uploads\/2025\/08\/telesiege-robella-val-de-travers-04-1024x683.webp 1024w, https:\/\/www.robella.ch\/wp-content\/uploads\/2025\/08\/telesiege-robella-val-de-travers-04-768x512.webp 768w, https:\/\/www.robella.ch\/wp-content\/uploads\/2025\/08\/telesiege-robella-val-de-travers-04-600x400.webp 600w, https:\/\/www.robella.ch\/wp-content\/uploads\/2025\/08\/telesiege-robella-val-de-travers-04.webp 1200w\" sizes=\"(max-width: 300px) 100vw, 300px\" \/>\t\t\t\t\t\t\t\t<\/a>\n\t\t\t\t\t\t\t\t\t\t\t\t\t\t\t<\/div>\n\t\t\t\t<\/div>\n\t\t\t\t<\/div>\n\t\t\t\t<\/div>\n\t\t<div class=\"elementor-element elementor-element-f51092c e-con-full e-flex e-con e-child\" data-id=\"f51092c\" data-element_type=\"container\" data-e-type=\"container\">\n\t\t<div class=\"elementor-element elementor-element-219cdd8 e-con-full e-flex e-con e-child\" data-id=\"219cdd8\" data-element_type=\"container\" data-e-type=\"container\">\n\t\t\t\t<div class=\"elementor-element elementor-element-830648a elementor-widget elementor-widget-heading\" data-id=\"830648a\" data-element_type=\"widget\" data-e-type=\"widget\" data-widget_type=\"heading.default\">\n\t\t\t\t<div class=\"elementor-widget-container\">\n\t\t\t\t\t<p class=\"elementor-heading-title elementor-size-default\">Buttes - La Robella<\/p>\t\t\t\t<\/div>\n\t\t\t\t<\/div>\n\t\t\t\t<div class=\"elementor-element elementor-element-556a97b elementor-widget elementor-widget-heading\" data-id=\"556a97b\" data-element_type=\"widget\" data-e-type=\"widget\" data-widget_type=\"heading.default\">\n\t\t\t\t<div class=\"elementor-widget-container\">\n\t\t\t\t\t<h3 class=\"elementor-heading-title elementor-size-default\">Sessellift<\/h3>\t\t\t\t<\/div>\n\t\t\t\t<\/div>\n\t\t\t\t<div class=\"elementor-element elementor-element-86a391b elementor-widget elementor-widget-text-editor\" data-id=\"86a391b\" data-element_type=\"widget\" data-e-type=\"widget\" data-widget_type=\"text-editor.default\">\n\t\t\t\t<div class=\"elementor-widget-container\">\n\t\t\t\t\t\t\t\t\t<p>Seit 1970 im gr\u00fcnen Val-de-Travers in Betrieb, verbindet der Sessellift La Robella das Dorf Buttes (770 m) mit dem gleichnamigen Plateau auf 1220 Metern H\u00f6he. Mehr als nur ein Transportmittel ist er heute Ausgangspunkt f\u00fcr zahlreiche Bergaktivit\u00e4ten: Wandern, Mountainbike, Trottinett, Downhill\u2026 Tickets k\u00f6nnen auch online gebucht werden, um Wartezeiten zu vermeiden und den Tag voll auszukosten.<br>Stationsplan  <\/p>\t\t\t\t\t\t\t\t<\/div>\n\t\t\t\t<\/div>\n\t\t\t\t<div class=\"elementor-element elementor-element-8797607 elementor-widget elementor-widget-button\" data-id=\"8797607\" data-element_type=\"widget\" data-e-type=\"widget\" data-widget_type=\"button.default\">\n\t\t\t\t<div class=\"elementor-widget-container\">\n\t\t\t\t\t\t\t\t\t<div class=\"elementor-button-wrapper\">\n\t\t\t\t\t<a class=\"elementor-button elementor-button-link elementor-size-sm\" href=\"https:\/\/www.robella.ch\/pdf\/robella-plan-station-ete.pdf\" target=\"_blank\">\n\t\t\t\t\t\t<span class=\"elementor-button-content-wrapper\">\n\t\t\t\t\t\t\t\t\t<span class=\"elementor-button-text\">Stationsplan<\/span>\n\t\t\t\t\t<\/span>\n\t\t\t\t\t<\/a>\n\t\t\t\t<\/div>\n\t\t\t\t\t\t\t\t<\/div>\n\t\t\t\t<\/div>\n\t\t\t\t<div class=\"elementor-element elementor-element-7e9a92f elementor-widget elementor-widget-html\" data-id=\"7e9a92f\" data-element_type=\"widget\" data-e-type=\"widget\" data-widget_type=\"html.default\">\n\t\t\t\t<div class=\"elementor-widget-container\">\n\t\t\t\t\t<script>window.TWEBSHOP = {\r\nconfig: 'Neuchatel-ServiceProvider_tds',\r\nlanguage: 'de',\r\ntheme: {\r\nsticky: {\r\noffset: 20,\r\nzIndex: 100000,\r\n}\r\n}\r\n}\r\n<\/script><style>#twebshop {\r\n--tw-button-color: #ff3399;\r\n--tw-button-text-color: #fff;\r\n--tw-button-price-color: #ff3399;\r\n--tw-button-price-text-color: #fff;\r\n--tw-box-color: #1d6bb1;\r\n--tw-box-text-color: #fff;\r\n--tw-booking-color: #dbdbdb;\r\n--tw-booking-text-color: #333;\r\n}\r\n<\/style><tws-experience-widget data-id=\"TDS00020013237764212\"><\/tws-experience-widget><script src=\"https:\/\/twebshop.tomas-travel.com\/app\/experience\/widget\/app.js\"><\/script><script>(function(){\r\n  if(window.__stripRoutingHash)return;\r\n  window.__stripRoutingHash=true;\r\n  function c(){\r\n    if(\/^#(?:[!\/])*$\/.test(location.hash)){\r\n      history.replaceState(history.state,document.title,location.pathname+location.search);\r\n    }\r\n  }\r\n  c();\r\n  addEventListener('hashchange',c,false);\r\n  addEventListener('popstate',c,false);\r\n  ['pushState','replaceState'].forEach(function(m){\r\n    var o=history[m];\r\n    history[m]=function(){\r\n      var r=o.apply(this,arguments);\r\n      Promise.resolve().then(c);\r\n      return r;\r\n    };\r\n  });\r\n  var t0=performance.now();\r\n  (function l(){\r\n    c();\r\n    if(performance.now()-t0<8000)requestAnimationFrame(l);\r\n  })();\r\n})();\r\n<\/script>\t\t\t\t<\/div>\n\t\t\t\t<\/div>\n\t\t\t\t<\/div>\n\t\t\t\t<\/div>\n\t\t\t\t\t<\/div>\n\t\t\t\t<\/div>\n\t\t<div class=\"elementor-element elementor-element-76e63c3 e-flex e-con-boxed e-con e-parent\" data-id=\"76e63c3\" data-element_type=\"container\" data-e-type=\"container\">\n\t\t\t\t\t<div class=\"e-con-inner\">\n\t\t\t\t<div class=\"elementor-element elementor-element-773dbc6 align-at-right uael-faq-box-layout-yes elementor-widget elementor-widget-uael-faq\" data-id=\"773dbc6\" data-element_type=\"widget\" data-e-type=\"widget\" data-widget_type=\"uael-faq.default\">\n\t\t\t\t<div class=\"elementor-widget-container\">\n\t\t\t\t\t\n\t\t\t<div id='uael-faq-wrapper-125' class=\"uael-faq-wrapper\">\n\t\t\t\t<div class=\"uael-faq-container uael-faq-layout-accordion\" data-layout=\"toggle\" >\n\t\t\t\t\t\t\t\t\t\t\t\t<div id=\"uael-accordion-c9c7b6c\" class=\"uael-faq-accordion\" role=\"tablist\">\n\t\t\t\t\t\t\t\t<div class= \"uael-accordion-title\" aria-expanded=\"false\" role=\"tab\">\n\t\t\t\t\t\t\t\t\t<span class=\"uael-accordion-icon uael-accordion-icon-right\">\n\t\t\t\t\t\t\t\t\t\t<span class=\"uael-accordion-icon-closed\"><svg class=\"e-font-icon-svg e-fas-angle-down\" viewBox=\"0 0 320 512\" xmlns=\"http:\/\/www.w3.org\/2000\/svg\"><path d=\"M143 352.3L7 216.3c-9.4-9.4-9.4-24.6 0-33.9l22.6-22.6c9.4-9.4 24.6-9.4 33.9 0l96.4 96.4 96.4-96.4c9.4-9.4 24.6-9.4 33.9 0l22.6 22.6c9.4 9.4 9.4 24.6 0 33.9l-136 136c-9.2 9.4-24.4 9.4-33.8 0z\"><\/path><\/svg><\/span>\n\t\t\t\t\t\t\t\t\t\t<span class=\"uael-accordion-icon-opened\"><svg class=\"e-font-icon-svg e-fas-angle-up\" viewBox=\"0 0 320 512\" xmlns=\"http:\/\/www.w3.org\/2000\/svg\"><path d=\"M177 159.7l136 136c9.4 9.4 9.4 24.6 0 33.9l-22.6 22.6c-9.4 9.4-24.6 9.4-33.9 0L160 255.9l-96.4 96.4c-9.4 9.4-24.6 9.4-33.9 0L7 329.7c-9.4-9.4-9.4-24.6 0-33.9l136-136c9.4-9.5 24.6-9.5 34-.1z\"><\/path><\/svg><\/span>\n\t\t\t\t\t\t\t\t\t<\/span>\n\t\t\t\t\t\t\t\t\t<h5 class=\"uael-question-c9c7b6c uael-question-span\" tabindex=\"0\" id=\"uael-faq-1-69f602aa89969\">Direkter Zugang zum Berg \u2013 ganz ohne Anstrengung<\/h5>\n\t\t\t\t\t\t\t\t<\/div>\n\t\t\t\t\t\t\t\t<div class=\"uael-accordion-content\" role=\"tabpanel\">\n\t\t\t\t\t\t\t\t\t<span>\n\t\t\t\t\t\t\t\t\t<span><p>Mit seinen 450 H\u00f6henmetern und einer Fahrzeit von rund 11 Minuten bringt Sie dieser fixe 2er-Sessellift sanft auf das Plateau von La Robella. Oben erwarten Sie zahlreiche Wanderwege, etwa zum Chasseron oder durch die Po\u00ebta-Raisse-Schlucht. F\u00fcr sportlichere Besucher stehen Trottinett-Abfahrten, Mountainbike-Strecken und Downhill-Parcours bereit.<\/p><p>Der Sessellift f\u00fchrt zudem direkt zum Restaurant \u00abChez Katon\u00bb, ideal f\u00fcr eine Pause auf der Terrasse mit Aussicht. Und wer die regionalen Spezialit\u00e4ten in anderen Partnerrestaurants entdecken m\u00f6chte, profitiert vom Angebot <span style=\"text-decoration: underline;\"><a href=\"https:\/\/www.robella.ch\/de\/teleroesti\/\">T\u00e9l\u00e9r\u00f6sti<\/a><\/span>: Bergfahrt plus Mahlzeit in Kombination.<\/p><\/span>\t\t\t\t\t\t\t\t\t<\/span>\n\t\t\t\t\t\t\t\t<\/div>\n\t\t\t\t\t\t\t<\/div>\n\t\t\t\t\t\t\t\t\t\t\t\t\t\t<div id=\"uael-accordion-d893465\" class=\"uael-faq-accordion\" role=\"tablist\">\n\t\t\t\t\t\t\t\t<div class= \"uael-accordion-title\" aria-expanded=\"false\" role=\"tab\">\n\t\t\t\t\t\t\t\t\t<span class=\"uael-accordion-icon uael-accordion-icon-right\">\n\t\t\t\t\t\t\t\t\t\t<span class=\"uael-accordion-icon-closed\"><svg class=\"e-font-icon-svg e-fas-angle-down\" viewBox=\"0 0 320 512\" xmlns=\"http:\/\/www.w3.org\/2000\/svg\"><path d=\"M143 352.3L7 216.3c-9.4-9.4-9.4-24.6 0-33.9l22.6-22.6c9.4-9.4 24.6-9.4 33.9 0l96.4 96.4 96.4-96.4c9.4-9.4 24.6-9.4 33.9 0l22.6 22.6c9.4 9.4 9.4 24.6 0 33.9l-136 136c-9.2 9.4-24.4 9.4-33.8 0z\"><\/path><\/svg><\/span>\n\t\t\t\t\t\t\t\t\t\t<span class=\"uael-accordion-icon-opened\"><svg class=\"e-font-icon-svg e-fas-angle-up\" viewBox=\"0 0 320 512\" xmlns=\"http:\/\/www.w3.org\/2000\/svg\"><path d=\"M177 159.7l136 136c9.4 9.4 9.4 24.6 0 33.9l-22.6 22.6c-9.4 9.4-24.6 9.4-33.9 0L160 255.9l-96.4 96.4c-9.4 9.4-24.6 9.4-33.9 0L7 329.7c-9.4-9.4-9.4-24.6 0-33.9l136-136c9.4-9.5 24.6-9.5 34-.1z\"><\/path><\/svg><\/span>\n\t\t\t\t\t\t\t\t\t<\/span>\n\t\t\t\t\t\t\t\t\t<h5 class=\"uael-question-d893465 uael-question-span\" tabindex=\"0\" id=\"uael-faq-2-69f602aa89e1e\">T\u00e9l\u00e9r\u00f6sti: ein Ticket f\u00fcr H\u00f6he \u2026 und Genuss<\/h5>\n\t\t\t\t\t\t\t\t<\/div>\n\t\t\t\t\t\t\t\t<div class=\"uael-accordion-content\" role=\"tabpanel\">\n\t\t\t\t\t\t\t\t\t<span>\n\t\t\t\t\t\t\t\t\t<span><p><span style=\"text-decoration: underline;\"><a href=\"https:\/\/www.robella.ch\/de\/teleroesti\/\">Das Angebot T\u00e9l\u00e9r\u00f6sti<\/a><\/span> erm\u00f6glicht es Ihnen, eine Fahrt mit dem Sessellift mit einem Essen in einem Partnerrestaurant zu kombinieren. Das Angebot umfasst<\/p><ul><li>1 einfache Bergfahrt mit dem Sessellift<\/li><li>1 Gutschein im Wert von CHF 18.\u2013, einl\u00f6sbar in mehreren Restaurants der Umgebung<\/li><\/ul><p>Ob R\u00f6sti oder andere Spezialit\u00e4ten \u2013 die Wahl liegt bei Ihnen. Das Angebot entspricht einer Ersparnis von rund CHF 10.\u2013 gegen\u00fcber dem Einzelkauf und eignet sich perfekt f\u00fcr Wanderer, die Naturerlebnis und kulinarischen Genuss verbinden m\u00f6chten.<\/p><\/span>\t\t\t\t\t\t\t\t\t<\/span>\n\t\t\t\t\t\t\t\t<\/div>\n\t\t\t\t\t\t\t<\/div>\n\t\t\t\t\t\t\t\t\t\t\t\t\t\t<div id=\"uael-accordion-9e472d7\" class=\"uael-faq-accordion\" role=\"tablist\">\n\t\t\t\t\t\t\t\t<div class= \"uael-accordion-title\" aria-expanded=\"false\" role=\"tab\">\n\t\t\t\t\t\t\t\t\t<span class=\"uael-accordion-icon uael-accordion-icon-right\">\n\t\t\t\t\t\t\t\t\t\t<span class=\"uael-accordion-icon-closed\"><svg class=\"e-font-icon-svg e-fas-angle-down\" viewBox=\"0 0 320 512\" xmlns=\"http:\/\/www.w3.org\/2000\/svg\"><path d=\"M143 352.3L7 216.3c-9.4-9.4-9.4-24.6 0-33.9l22.6-22.6c9.4-9.4 24.6-9.4 33.9 0l96.4 96.4 96.4-96.4c9.4-9.4 24.6-9.4 33.9 0l22.6 22.6c9.4 9.4 9.4 24.6 0 33.9l-136 136c-9.2 9.4-24.4 9.4-33.8 0z\"><\/path><\/svg><\/span>\n\t\t\t\t\t\t\t\t\t\t<span class=\"uael-accordion-icon-opened\"><svg class=\"e-font-icon-svg e-fas-angle-up\" viewBox=\"0 0 320 512\" xmlns=\"http:\/\/www.w3.org\/2000\/svg\"><path d=\"M177 159.7l136 136c9.4 9.4 9.4 24.6 0 33.9l-22.6 22.6c-9.4 9.4-24.6 9.4-33.9 0L160 255.9l-96.4 96.4c-9.4 9.4-24.6 9.4-33.9 0L7 329.7c-9.4-9.4-9.4-24.6 0-33.9l136-136c9.4-9.5 24.6-9.5 34-.1z\"><\/path><\/svg><\/span>\n\t\t\t\t\t\t\t\t\t<\/span>\n\t\t\t\t\t\t\t\t\t<h5 class=\"uael-question-9e472d7 uael-question-span\" tabindex=\"0\" id=\"uael-faq-3-69f602aa89e88\">Praktische Infos<\/h5>\n\t\t\t\t\t\t\t\t<\/div>\n\t\t\t\t\t\t\t\t<div class=\"uael-accordion-content\" role=\"tabpanel\">\n\t\t\t\t\t\t\t\t\t<span>\n\t\t\t\t\t\t\t\t\t<span><p><strong>Sessellift \u2013 Freizeitpark La Robella, Buttes (NE)<\/strong><\/p><ul><li>Online-Reservation der Tickets empfohlen<\/li><li>Zugang f\u00fcr Fussg\u00e4nger oder mit Velo (Velotransport gratis)<\/li><li>Tiere an der Leine erlaubt (nicht auf Abfahrtsger\u00e4ten)<\/li><li>Fahrzeit: ca. 11 bis 18 Minuten je nach Geschwindigkeit<\/li><li>Talstation: 770 m<\/li><li>Bergstation: 1220 m<\/li><li>H\u00f6hendifferenz: 450 m<\/li><li>L\u00e4nge: 1580 m<\/li><li>Maximale Steigung: 90 %<\/li><li>F\u00f6rderleistung: 480 Personen \/ Stunde<\/li><\/ul><\/span>\t\t\t\t\t\t\t\t\t<\/span>\n\t\t\t\t\t\t\t\t<\/div>\n\t\t\t\t\t\t\t<\/div>\n\t\t\t\t\t\t\t\t\t\t\t<\/div>\n\t\t\t<\/div>\n\t\t\t\t\t\t\t<\/div>\n\t\t\t\t<\/div>\n\t\t\t\t\t<\/div>\n\t\t\t\t<\/div>\n\t\t<div class=\"elementor-element elementor-element-7e3a3ae e-flex e-con-boxed e-con e-parent\" data-id=\"7e3a3ae\" data-element_type=\"container\" data-e-type=\"container\">\n\t\t\t\t\t<div class=\"e-con-inner\">\n\t\t\t\t<div class=\"elementor-element elementor-element-c240dce elementor-widget elementor-widget-html\" data-id=\"c240dce\" data-element_type=\"widget\" data-e-type=\"widget\" data-widget_type=\"html.default\">\n\t\t\t\t<div class=\"elementor-widget-container\">\n\t\t\t\t\t<script>document.querySelectorAll(\"a[data-elementor-open-lightbox='yes']\").forEach(function(item) {\n      item.setAttribute(\"data-elementor-lightbox-slideshow\", \"customId\");\n      });\n<\/script>\t\t\t\t<\/div>\n\t\t\t\t<\/div>\n\t\t\t\t\t<\/div>\n\t\t\t\t<\/div>\n\t\t\t\t<\/div>\n\t\t","protected":false},"excerpt":{"rendered":"<p>Buttes &#8211; La Robella Sessellift Seit 1970 im gr\u00fcnen Val-de-Travers in Betrieb, verbindet der Sessellift La Robella das Dorf Buttes [&hellip;]<\/p>\n","protected":false},"author":1,"featured_media":0,"parent":0,"menu_order":0,"comment_status":"closed","ping_status":"closed","template":"","meta":{"site-sidebar-layout":"no-sidebar","site-content-layout":"","ast-site-content-layout":"full-width-container","site-content-style":"unboxed","site-sidebar-style":"unboxed","ast-global-header-display":"","ast-banner-title-visibility":"","ast-main-header-display":"","ast-hfb-above-header-display":"","ast-hfb-below-header-display":"","ast-hfb-mobile-header-display":"","site-post-title":"disabled","ast-breadcrumbs-content":"","ast-featured-img":"disabled","footer-sml-layout":"","ast-disable-related-posts":"","theme-transparent-header-meta":"disabled","adv-header-id-meta":"","stick-header-meta":"enabled","header-above-stick-meta":"","header-main-stick-meta":"disabled","header-below-stick-meta":"","astra-migrate-meta-layouts":"default","ast-page-background-enabled":"default","ast-page-background-meta":{"desktop":{"background-color":"var(--ast-global-color-5)","background-image":"","background-repeat":"repeat","background-position":"center center","background-size":"auto","background-attachment":"scroll","background-type":"","background-media":"","overlay-type":"","overlay-color":"","overlay-opacity":"","overlay-gradient":""},"tablet":{"background-color":"","background-image":"","background-repeat":"repeat","background-position":"center center","background-size":"auto","background-attachment":"scroll","background-type":"","background-media":"","overlay-type":"","overlay-color":"","overlay-opacity":"","overlay-gradient":""},"mobile":{"background-color":"","background-image":"","background-repeat":"repeat","background-position":"center center","background-size":"auto","background-attachment":"scroll","background-type":"","background-media":"","overlay-type":"","overlay-color":"","overlay-opacity":"","overlay-gradient":""}},"ast-content-background-meta":{"desktop":{"background-color":"var(--ast-global-color-4)","background-image":"","background-repeat":"repeat","background-position":"center center","background-size":"auto","background-attachment":"scroll","background-type":"","background-media":"","overlay-type":"","overlay-color":"","overlay-opacity":"","overlay-gradient":""},"tablet":{"background-color":"var(--ast-global-color-4)","background-image":"","background-repeat":"repeat","background-position":"center center","background-size":"auto","background-attachment":"scroll","background-type":"","background-media":"","overlay-type":"","overlay-color":"","overlay-opacity":"","overlay-gradient":""},"mobile":{"background-color":"var(--ast-global-color-4)","background-image":"","background-repeat":"repeat","background-position":"center center","background-size":"auto","background-attachment":"scroll","background-type":"","background-media":"","overlay-type":"","overlay-color":"","overlay-opacity":"","overlay-gradient":""}},"footnotes":""},"class_list":["post-4924","page","type-page","status-publish","hentry"],"_links":{"self":[{"href":"https:\/\/www.robella.ch\/de\/wp-json\/wp\/v2\/pages\/4924","targetHints":{"allow":["GET"]}}],"collection":[{"href":"https:\/\/www.robella.ch\/de\/wp-json\/wp\/v2\/pages"}],"about":[{"href":"https:\/\/www.robella.ch\/de\/wp-json\/wp\/v2\/types\/page"}],"author":[{"embeddable":true,"href":"https:\/\/www.robella.ch\/de\/wp-json\/wp\/v2\/users\/1"}],"replies":[{"embeddable":true,"href":"https:\/\/www.robella.ch\/de\/wp-json\/wp\/v2\/comments?post=4924"}],"version-history":[{"count":10,"href":"https:\/\/www.robella.ch\/de\/wp-json\/wp\/v2\/pages\/4924\/revisions"}],"predecessor-version":[{"id":5524,"href":"https:\/\/www.robella.ch\/de\/wp-json\/wp\/v2\/pages\/4924\/revisions\/5524"}],"wp:attachment":[{"href":"https:\/\/www.robella.ch\/de\/wp-json\/wp\/v2\/media?parent=4924"}],"curies":[{"name":"wp","href":"https:\/\/api.w.org\/{rel}","templated":true}]}}