{"id":4935,"date":"2025-08-19T08:47:41","date_gmt":"2025-08-19T06:47:41","guid":{"rendered":"https:\/\/2065.robella.ch\/val-de-travers-pass\/"},"modified":"2025-09-23T13:20:39","modified_gmt":"2025-09-23T11:20:39","slug":"val-de-travers-pass","status":"publish","type":"page","link":"https:\/\/www.robella.ch\/de\/val-de-travers-pass\/","title":{"rendered":"Val-de-Travers Pass"},"content":{"rendered":"\t\t<div data-elementor-type=\"wp-page\" data-elementor-id=\"4935\" class=\"elementor elementor-4935 elementor-2634\">\n\t\t\t\t<div class=\"elementor-element elementor-element-ff8234a e-grid e-con-boxed e-con e-parent\" data-id=\"ff8234a\" data-element_type=\"container\" data-e-type=\"container\">\n\t\t\t\t\t<div class=\"e-con-inner\">\n\t\t<div class=\"elementor-element elementor-element-93b20c9 e-con-full e-flex e-con e-child\" data-id=\"93b20c9\" data-element_type=\"container\" data-e-type=\"container\">\n\t\t<div class=\"elementor-element elementor-element-4ca553d e-con-full e-flex e-con e-child\" data-id=\"4ca553d\" data-element_type=\"container\" data-e-type=\"container\">\n\t\t\t\t<div class=\"elementor-element elementor-element-c5e87f3 elementor-widget elementor-widget-image\" data-id=\"c5e87f3\" data-element_type=\"widget\" data-e-type=\"widget\" data-widget_type=\"image.default\">\n\t\t\t\t<div class=\"elementor-widget-container\">\n\t\t\t\t\t\t\t\t\t\t\t\t\t\t\t\t<a href=\"https:\/\/www.robella.ch\/wp-content\/uploads\/2025\/08\/val-de-travers-pass-01.webp\" data-elementor-open-lightbox=\"yes\" data-e-action-hash=\"#elementor-action%3Aaction%3Dlightbox%26settings%3DeyJpZCI6NDY1MiwidXJsIjoiaHR0cHM6XC9cL3d3dy5yb2JlbGxhLmNoXC93cC1jb250ZW50XC91cGxvYWRzXC8yMDI1XC8wOFwvdmFsLWRlLXRyYXZlcnMtcGFzcy0wMS53ZWJwIn0%3D\">\n\t\t\t\t\t\t\t<img fetchpriority=\"high\" decoding=\"async\" width=\"1024\" height=\"683\" src=\"https:\/\/www.robella.ch\/wp-content\/uploads\/2025\/08\/val-de-travers-pass-01-1024x683.webp\" class=\"attachment-large size-large wp-image-4652\" alt=\"Val-de-Travers Pass\" srcset=\"https:\/\/www.robella.ch\/wp-content\/uploads\/2025\/08\/val-de-travers-pass-01-1024x683.webp 1024w, https:\/\/www.robella.ch\/wp-content\/uploads\/2025\/08\/val-de-travers-pass-01-300x200.webp 300w, https:\/\/www.robella.ch\/wp-content\/uploads\/2025\/08\/val-de-travers-pass-01-768x512.webp 768w, https:\/\/www.robella.ch\/wp-content\/uploads\/2025\/08\/val-de-travers-pass-01-600x400.webp 600w, https:\/\/www.robella.ch\/wp-content\/uploads\/2025\/08\/val-de-travers-pass-01.webp 1200w\" sizes=\"(max-width: 1024px) 100vw, 1024px\" \/>\t\t\t\t\t\t\t\t<\/a>\n\t\t\t\t\t\t\t\t\t\t\t\t\t\t\t<\/div>\n\t\t\t\t<\/div>\n\t\t\t\t<\/div>\n\t\t<div class=\"elementor-element elementor-element-b3e0a9c e-grid e-con-full e-con e-child\" data-id=\"b3e0a9c\" data-element_type=\"container\" data-e-type=\"container\">\n\t\t\t\t<div class=\"elementor-element elementor-element-baf0130 elementor-widget elementor-widget-image\" data-id=\"baf0130\" data-element_type=\"widget\" data-e-type=\"widget\" id=\"data-elementor-lightbox-slideshow\" data-widget_type=\"image.default\">\n\t\t\t\t<div class=\"elementor-widget-container\">\n\t\t\t\t\t\t\t\t\t\t\t\t\t\t\t\t<a href=\"https:\/\/www.robella.ch\/wp-content\/uploads\/2025\/08\/piscine-des-combes-couvet-01.webp\" data-elementor-open-lightbox=\"yes\" data-e-action-hash=\"#elementor-action%3Aaction%3Dlightbox%26settings%3DeyJpZCI6NDY1MywidXJsIjoiaHR0cHM6XC9cL3d3dy5yb2JlbGxhLmNoXC93cC1jb250ZW50XC91cGxvYWRzXC8yMDI1XC8wOFwvcGlzY2luZS1kZXMtY29tYmVzLWNvdXZldC0wMS53ZWJwIn0%3D\">\n\t\t\t\t\t\t\t<img decoding=\"async\" width=\"300\" height=\"200\" src=\"https:\/\/www.robella.ch\/wp-content\/uploads\/2025\/08\/piscine-des-combes-couvet-01-300x200.webp\" class=\"attachment-medium size-medium wp-image-4653\" alt=\"Schwimmbad Les Combes in Couvet (Val-de-Travers)\" srcset=\"https:\/\/www.robella.ch\/wp-content\/uploads\/2025\/08\/piscine-des-combes-couvet-01-300x200.webp 300w, https:\/\/www.robella.ch\/wp-content\/uploads\/2025\/08\/piscine-des-combes-couvet-01-1024x683.webp 1024w, https:\/\/www.robella.ch\/wp-content\/uploads\/2025\/08\/piscine-des-combes-couvet-01-768x512.webp 768w, https:\/\/www.robella.ch\/wp-content\/uploads\/2025\/08\/piscine-des-combes-couvet-01-600x400.webp 600w, https:\/\/www.robella.ch\/wp-content\/uploads\/2025\/08\/piscine-des-combes-couvet-01.webp 1200w\" sizes=\"(max-width: 300px) 100vw, 300px\" \/>\t\t\t\t\t\t\t\t<\/a>\n\t\t\t\t\t\t\t\t\t\t\t\t\t\t\t<\/div>\n\t\t\t\t<\/div>\n\t\t\t\t<div class=\"elementor-element elementor-element-532576f elementor-widget elementor-widget-image\" data-id=\"532576f\" data-element_type=\"widget\" data-e-type=\"widget\" id=\"data-elementor-lightbox-slideshow\" data-widget_type=\"image.default\">\n\t\t\t\t<div class=\"elementor-widget-container\">\n\t\t\t\t\t\t\t\t\t\t\t\t\t\t\t\t<a href=\"https:\/\/www.robella.ch\/wp-content\/uploads\/2025\/08\/patinage-val-de-travers-01.webp\" data-elementor-open-lightbox=\"yes\" data-e-action-hash=\"#elementor-action%3Aaction%3Dlightbox%26settings%3DeyJpZCI6NDY1NCwidXJsIjoiaHR0cHM6XC9cL3d3dy5yb2JlbGxhLmNoXC93cC1jb250ZW50XC91cGxvYWRzXC8yMDI1XC8wOFwvcGF0aW5hZ2UtdmFsLWRlLXRyYXZlcnMtMDEud2VicCJ9\">\n\t\t\t\t\t\t\t<img decoding=\"async\" width=\"300\" height=\"200\" src=\"https:\/\/www.robella.ch\/wp-content\/uploads\/2025\/08\/patinage-val-de-travers-01-300x200.webp\" class=\"attachment-medium size-medium wp-image-4654\" alt=\"Eislaufen im Val-de-Travers\" srcset=\"https:\/\/www.robella.ch\/wp-content\/uploads\/2025\/08\/patinage-val-de-travers-01-300x200.webp 300w, https:\/\/www.robella.ch\/wp-content\/uploads\/2025\/08\/patinage-val-de-travers-01-1024x683.webp 1024w, https:\/\/www.robella.ch\/wp-content\/uploads\/2025\/08\/patinage-val-de-travers-01-768x512.webp 768w, https:\/\/www.robella.ch\/wp-content\/uploads\/2025\/08\/patinage-val-de-travers-01-600x400.webp 600w, https:\/\/www.robella.ch\/wp-content\/uploads\/2025\/08\/patinage-val-de-travers-01.webp 1200w\" sizes=\"(max-width: 300px) 100vw, 300px\" \/>\t\t\t\t\t\t\t\t<\/a>\n\t\t\t\t\t\t\t\t\t\t\t\t\t\t\t<\/div>\n\t\t\t\t<\/div>\n\t\t\t\t<div class=\"elementor-element elementor-element-1913dfe elementor-widget elementor-widget-image\" data-id=\"1913dfe\" data-element_type=\"widget\" data-e-type=\"widget\" id=\"data-elementor-lightbox-slideshow\" data-widget_type=\"image.default\">\n\t\t\t\t<div class=\"elementor-widget-container\">\n\t\t\t\t\t\t\t\t\t\t\t\t\t\t\t\t<a href=\"https:\/\/www.robella.ch\/wp-content\/uploads\/2025\/08\/piscine-espaceval-couvet-01.webp\" data-elementor-open-lightbox=\"yes\" data-e-action-hash=\"#elementor-action%3Aaction%3Dlightbox%26settings%3DeyJpZCI6NDY1NSwidXJsIjoiaHR0cHM6XC9cL3d3dy5yb2JlbGxhLmNoXC93cC1jb250ZW50XC91cGxvYWRzXC8yMDI1XC8wOFwvcGlzY2luZS1lc3BhY2V2YWwtY291dmV0LTAxLndlYnAifQ%3D%3D\">\n\t\t\t\t\t\t\t<img loading=\"lazy\" decoding=\"async\" width=\"300\" height=\"200\" src=\"https:\/\/www.robella.ch\/wp-content\/uploads\/2025\/08\/piscine-espaceval-couvet-01-300x200.webp\" class=\"attachment-medium size-medium wp-image-4655\" alt=\"Hallenbad espaceVAL in Couvet (Val-de-Travers)\" srcset=\"https:\/\/www.robella.ch\/wp-content\/uploads\/2025\/08\/piscine-espaceval-couvet-01-300x200.webp 300w, https:\/\/www.robella.ch\/wp-content\/uploads\/2025\/08\/piscine-espaceval-couvet-01-1024x683.webp 1024w, https:\/\/www.robella.ch\/wp-content\/uploads\/2025\/08\/piscine-espaceval-couvet-01-768x512.webp 768w, https:\/\/www.robella.ch\/wp-content\/uploads\/2025\/08\/piscine-espaceval-couvet-01-600x400.webp 600w, https:\/\/www.robella.ch\/wp-content\/uploads\/2025\/08\/piscine-espaceval-couvet-01.webp 1200w\" sizes=\"(max-width: 300px) 100vw, 300px\" \/>\t\t\t\t\t\t\t\t<\/a>\n\t\t\t\t\t\t\t\t\t\t\t\t\t\t\t<\/div>\n\t\t\t\t<\/div>\n\t\t\t\t<\/div>\n\t\t\t\t<\/div>\n\t\t<div class=\"elementor-element elementor-element-f51092c e-con-full e-flex e-con e-child\" data-id=\"f51092c\" data-element_type=\"container\" data-e-type=\"container\">\n\t\t<div class=\"elementor-element elementor-element-219cdd8 e-con-full e-flex e-con e-child\" data-id=\"219cdd8\" data-element_type=\"container\" data-e-type=\"container\">\n\t\t\t\t<div class=\"elementor-element elementor-element-830648a elementor-widget elementor-widget-heading\" data-id=\"830648a\" data-element_type=\"widget\" data-e-type=\"widget\" data-widget_type=\"heading.default\">\n\t\t\t\t<div class=\"elementor-widget-container\">\n\t\t\t\t\t<p class=\"elementor-heading-title elementor-size-default\">Spezialangebot<\/p>\t\t\t\t<\/div>\n\t\t\t\t<\/div>\n\t\t\t\t<div class=\"elementor-element elementor-element-556a97b elementor-widget elementor-widget-heading\" data-id=\"556a97b\" data-element_type=\"widget\" data-e-type=\"widget\" data-widget_type=\"heading.default\">\n\t\t\t\t<div class=\"elementor-widget-container\">\n\t\t\t\t\t<h3 class=\"elementor-heading-title elementor-size-default\">Val-de-Travers Pass<\/h3>\t\t\t\t<\/div>\n\t\t\t\t<\/div>\n\t\t\t\t<div class=\"elementor-element elementor-element-86a391b elementor-widget elementor-widget-text-editor\" data-id=\"86a391b\" data-element_type=\"widget\" data-e-type=\"widget\" data-widget_type=\"text-editor.default\">\n\t\t\t\t<div class=\"elementor-widget-container\">\n\t\t\t\t\t\t\t\t\t<p>Schlittschuhlaufen, Skifahren und Schwimmen im Val-de-Travers f\u00fcr weniger als CHF 1.\u2013 pro Tag!<\/p><p>La Robella, espaceVAL, die Kunsteisbahn Fleurier und das Schwimmbad Les Combes haben sich zusammengeschlossen, um Ihnen ein Jahresabo zu einem unschlagbaren Preis anzubieten: den Val-de-Travers Pass!<\/p><p>Mit dem Val-de-Travers Pass geniessen Sie w\u00e4hrend eines ganzen Jahres uneingeschr\u00e4nkten Zugang zum Sessellift und zu den Skiliften von La Robella, zur Kunsteisbahn sowie zu den Schwimmb\u00e4dern Les Combes und espaceVAL.<\/p>\t\t\t\t\t\t\t\t<\/div>\n\t\t\t\t<\/div>\n\t\t\t\t<\/div>\n\t\t\t\t<\/div>\n\t\t\t\t\t<\/div>\n\t\t\t\t<\/div>\n\t\t<div class=\"elementor-element elementor-element-76e63c3 e-flex e-con-boxed e-con e-parent\" data-id=\"76e63c3\" data-element_type=\"container\" data-e-type=\"container\">\n\t\t\t\t\t<div class=\"e-con-inner\">\n\t\t<div class=\"elementor-element elementor-element-b1df539 e-grid e-con-full e-con e-child\" data-id=\"b1df539\" data-element_type=\"container\" data-e-type=\"container\">\n\t\t<div class=\"elementor-element elementor-element-3bd4387 e-con-full e-flex e-con e-child\" data-id=\"3bd4387\" data-element_type=\"container\" data-e-type=\"container\" data-settings=\"{&quot;background_background&quot;:&quot;classic&quot;}\">\n\t\t<div class=\"elementor-element elementor-element-06010c7 e-con-full e-flex e-con e-child\" data-id=\"06010c7\" data-element_type=\"container\" data-e-type=\"container\">\n\t\t\t\t<div class=\"elementor-element elementor-element-6dc77d4 elementor-view-default elementor-widget elementor-widget-icon\" data-id=\"6dc77d4\" data-element_type=\"widget\" data-e-type=\"widget\" data-widget_type=\"icon.default\">\n\t\t\t\t<div class=\"elementor-widget-container\">\n\t\t\t\t\t\t\t<div class=\"elementor-icon-wrapper\">\n\t\t\t<div class=\"elementor-icon\">\n\t\t\t<svg aria-hidden=\"true\" class=\"e-font-icon-svg e-fas-shopping-cart\" viewBox=\"0 0 576 512\" xmlns=\"http:\/\/www.w3.org\/2000\/svg\"><path d=\"M528.12 301.319l47.273-208C578.806 78.301 567.391 64 551.99 64H159.208l-9.166-44.81C147.758 8.021 137.93 0 126.529 0H24C10.745 0 0 10.745 0 24v16c0 13.255 10.745 24 24 24h69.883l70.248 343.435C147.325 417.1 136 435.222 136 456c0 30.928 25.072 56 56 56s56-25.072 56-56c0-15.674-6.447-29.835-16.824-40h209.647C430.447 426.165 424 440.326 424 456c0 30.928 25.072 56 56 56s56-25.072 56-56c0-22.172-12.888-41.332-31.579-50.405l5.517-24.276c3.413-15.018-8.002-29.319-23.403-29.319H218.117l-6.545-32h293.145c11.206 0 20.92-7.754 23.403-18.681z\"><\/path><\/svg>\t\t\t<\/div>\n\t\t<\/div>\n\t\t\t\t\t\t<\/div>\n\t\t\t\t<\/div>\n\t\t\t\t<div class=\"elementor-element elementor-element-d17f1e5 elementor-widget elementor-widget-heading\" data-id=\"d17f1e5\" data-element_type=\"widget\" data-e-type=\"widget\" data-widget_type=\"heading.default\">\n\t\t\t\t<div class=\"elementor-widget-container\">\n\t\t\t\t\t<h5 class=\"elementor-heading-title elementor-size-default\">Pass kaufen<\/h5>\t\t\t\t<\/div>\n\t\t\t\t<\/div>\n\t\t\t\t<div class=\"elementor-element elementor-element-a6b49f1 elementor-widget elementor-widget-text-editor\" data-id=\"a6b49f1\" data-element_type=\"widget\" data-e-type=\"widget\" data-widget_type=\"text-editor.default\">\n\t\t\t\t<div class=\"elementor-widget-container\">\n\t\t\t\t\t\t\t\t\t<p>Der Val-de-Travers Pass ist das ganze Jahr \u00fcber bei <span style=\"text-decoration: underline;\"><a href=\"https:\/\/espaceval.ch\/\" target=\"_blank\" rel=\"noopener\">espaceVAL<\/a><\/span> erh\u00e4ltlich.<\/p>\t\t\t\t\t\t\t\t<\/div>\n\t\t\t\t<\/div>\n\t\t\t\t<\/div>\n\t\t\t\t<\/div>\n\t\t\t\t<div class=\"elementor-element elementor-element-0376887 uael-header-sticky-no uael-border-yes elementor-widget elementor-widget-uael-table\" data-id=\"0376887\" data-element_type=\"widget\" data-e-type=\"widget\" data-widget_type=\"uael-table.default\">\n\t\t\t\t<div class=\"elementor-widget-container\">\n\t\t\t\t\t<div itemscope class=\"uael-table-wrapper\" itemtype=\"http:\/\/schema.org\/Table\">\n\t\t<table id=\"uael-table-id-0376887\" class=\"uael-text-break uael-column-rules uael-table\" data-sort-table=\"no\" data-show-entry=\"no\" data-searchable=\"no\" data-responsive=\"no\">\n\t\t\t\t<thead>\n\t\t\t\t\t\t\t\t\t\t<tr class=\"uael-table-row\">\n\t\t\t\t\t\t\t\t\t\t\t\t\t<th data-sort=\"0\" class=\"sort-this elementor-repeater-item-4bf5b00 uael-table-col uael-table-head-cell-text\" scope=\"col\">\n\t\t\t\t\t\t\t<span class=\"sort-style\">\n\t\t\t\t\t\t\t<span class=\"uael-table__text\">\n\t\t\t\t\t\t\t\t\t\t\t\t\t\t\t\t\t\t\t\t\t\t\t\t\t\t\t\t\t\t\t\t\t\t<span class=\"uael-table__text-inner\">Alter<\/span>\n\n\t\t\t\t\t\t\t\t\t\t\t\t\t\t\t\t\t\t\t\t\t\t\t\t\t\t\t\t\t\t\t\t\t<\/span>\n\t\t\t\t\t\t\t\t\t\t\t\t\t\t<\/span>\n\t\t\t\t\t\t<\/th>\n\t\t\t\t\t\t\t\t\t\t\t\t<th data-sort=\"1\" class=\"sort-this elementor-repeater-item-4fc6a64 uael-table-col uael-table-head-cell-text\" scope=\"col\">\n\t\t\t\t\t\t\t<span class=\"sort-style\">\n\t\t\t\t\t\t\t<span class=\"uael-table__text\">\n\t\t\t\t\t\t\t\t\t\t\t\t\t\t\t\t\t\t\t\t\t\t\t\t\t\t\t\t\t\t\t\t\t\t<span class=\"uael-table__text-inner\">Preis<\/span>\n\n\t\t\t\t\t\t\t\t\t\t\t\t\t\t\t\t\t\t\t\t\t\t\t\t\t\t\t\t\t\t\t\t\t<\/span>\n\t\t\t\t\t\t\t\t\t\t\t\t\t\t<\/span>\n\t\t\t\t\t\t<\/th>\n\t\t\t\t\t\t\t\t<\/thead>\n\t\t\t\t<tbody>\n\t\t\t<!-- ROWS -->\n\t\t\t\t\t\t\t\t\t\t<tr data-entry=\"1\" class=\"uael-table-row\">\n\t\t\t\t\t\t\t\t\t\t\t\t\t\t\t\t\t<td class=\"uael-table-col uael-table-body-cell-text elementor-repeater-item-4b96836\" data-title=\"Alter\">\n\t\t\t\t\t\t\t\t\t\t\t\t\t\t\t<span class=\"uael-table__text\">\n\t\t\t\t\t\t\t\t\t\t\t\t\t\t\t\t\t\t\t\t\t\t\t\t\t\t\t\t\t\t\t\t\t\t\t\t\t<span class=\"uael-table__text-inner\">Kinder (6\u201315 Jahre)<\/span>\n\t\t\t\t\t\t\t\t\t\t\t\t\t\t\t\t\t\t\t\t\t\t\t\t\t\t\t\t\t\t\t\t\t\t\t\t<\/span>\n\t\t\t\t\t\t\t\t\t\t\t\t\t<\/td>\n\t\t\t\t\t\t\t\t\t\t\t\t\t<td class=\"uael-table-col uael-table-body-cell-text elementor-repeater-item-05a41aa\" data-title=\"Preis\">\n\t\t\t\t\t\t\t\t\t\t\t\t\t\t\t<span class=\"uael-table__text\">\n\t\t\t\t\t\t\t\t\t\t\t\t\t\t\t\t\t\t\t\t\t\t\t\t\t\t\t\t\t\t\t\t\t\t\t\t\t<span class=\"uael-table__text-inner\">CHF 200.00<\/span>\n\t\t\t\t\t\t\t\t\t\t\t\t\t\t\t\t\t\t\t\t\t\t\t\t\t\t\t\t\t\t\t\t\t\t\t\t<\/span>\n\t\t\t\t\t\t\t\t\t\t\t\t\t<\/td>\n\t\t\t\t\t\t\t\t\t\t\t\t\t\t<\/tr><tr data-entry=\"2\" class=\"uael-table-row\">\n\t\t\t\t\t\t\t\t\t\t\t\t\t\t\t\t\t\t<td class=\"uael-table-col uael-table-body-cell-text elementor-repeater-item-3599814\" data-title=\"Alter\">\n\t\t\t\t\t\t\t\t\t\t\t\t\t\t\t<span class=\"uael-table__text\">\n\t\t\t\t\t\t\t\t\t\t\t\t\t\t\t\t\t\t\t\t\t\t\t\t\t\t\t\t\t\t\t\t\t\t\t\t\t<span class=\"uael-table__text-inner\">Junge Erwachsene (16\u201325 Jahre), AHV und IV<\/span>\n\t\t\t\t\t\t\t\t\t\t\t\t\t\t\t\t\t\t\t\t\t\t\t\t\t\t\t\t\t\t\t\t\t\t\t\t<\/span>\n\t\t\t\t\t\t\t\t\t\t\t\t\t<\/td>\n\t\t\t\t\t\t\t\t\t\t\t\t\t<td class=\"uael-table-col uael-table-body-cell-text elementor-repeater-item-8052273\" data-title=\"Preis\">\n\t\t\t\t\t\t\t\t\t\t\t\t\t\t\t<span class=\"uael-table__text\">\n\t\t\t\t\t\t\t\t\t\t\t\t\t\t\t\t\t\t\t\t\t\t\t\t\t\t\t\t\t\t\t\t\t\t\t\t\t<span class=\"uael-table__text-inner\">CHF 250.00<\/span>\n\t\t\t\t\t\t\t\t\t\t\t\t\t\t\t\t\t\t\t\t\t\t\t\t\t\t\t\t\t\t\t\t\t\t\t\t<\/span>\n\t\t\t\t\t\t\t\t\t\t\t\t\t<\/td>\n\t\t\t\t\t\t\t\t\t\t\t\t\t\t<\/tr><tr data-entry=\"3\" class=\"uael-table-row\">\n\t\t\t\t\t\t\t\t\t\t\t\t\t\t\t\t\t\t<td class=\"uael-table-col uael-table-body-cell-text elementor-repeater-item-c7df75b\" data-title=\"Alter\">\n\t\t\t\t\t\t\t\t\t\t\t\t\t\t\t<span class=\"uael-table__text\">\n\t\t\t\t\t\t\t\t\t\t\t\t\t\t\t\t\t\t\t\t\t\t\t\t\t\t\t\t\t\t\t\t\t\t\t\t\t<span class=\"uael-table__text-inner\">Erwachsene ab 26 Jahren<\/span>\n\t\t\t\t\t\t\t\t\t\t\t\t\t\t\t\t\t\t\t\t\t\t\t\t\t\t\t\t\t\t\t\t\t\t\t\t<\/span>\n\t\t\t\t\t\t\t\t\t\t\t\t\t<\/td>\n\t\t\t\t\t\t\t\t\t\t\t\t\t<td class=\"uael-table-col uael-table-body-cell-text elementor-repeater-item-bb02b27\" data-title=\"Preis\">\n\t\t\t\t\t\t\t\t\t\t\t\t\t\t\t<span class=\"uael-table__text\">\n\t\t\t\t\t\t\t\t\t\t\t\t\t\t\t\t\t\t\t\t\t\t\t\t\t\t\t\t\t\t\t\t\t\t\t\t\t<span class=\"uael-table__text-inner\">CHF 300.00<\/span>\n\t\t\t\t\t\t\t\t\t\t\t\t\t\t\t\t\t\t\t\t\t\t\t\t\t\t\t\t\t\t\t\t\t\t\t\t<\/span>\n\t\t\t\t\t\t\t\t\t\t\t\t\t<\/td>\n\t\t\t\t\t\t\t\t\t<\/tbody>\n\t<\/table>\n\t\t<\/div>\n\t\t\t\t<\/div>\n\t\t\t\t<\/div>\n\t\t\t\t<\/div>\n\t\t\t\t\t<\/div>\n\t\t\t\t<\/div>\n\t\t<div class=\"elementor-element elementor-element-7e3a3ae e-flex e-con-boxed e-con e-parent\" data-id=\"7e3a3ae\" data-element_type=\"container\" data-e-type=\"container\">\n\t\t\t\t\t<div class=\"e-con-inner\">\n\t\t\t\t<div class=\"elementor-element elementor-element-c240dce elementor-widget elementor-widget-html\" data-id=\"c240dce\" data-element_type=\"widget\" data-e-type=\"widget\" data-widget_type=\"html.default\">\n\t\t\t\t<div class=\"elementor-widget-container\">\n\t\t\t\t\t<script>document.querySelectorAll(\"a[data-elementor-open-lightbox='yes']\").forEach(function(item) {\n      item.setAttribute(\"data-elementor-lightbox-slideshow\", \"customId\");\n      });\n<\/script>\t\t\t\t<\/div>\n\t\t\t\t<\/div>\n\t\t\t\t\t<\/div>\n\t\t\t\t<\/div>\n\t\t\t\t<\/div>\n\t\t","protected":false},"excerpt":{"rendered":"<p>Spezialangebot Val-de-Travers Pass Schlittschuhlaufen, Skifahren und Schwimmen im Val-de-Travers f\u00fcr weniger als CHF 1.\u2013 pro Tag! La Robella, espaceVAL, die [&hellip;]<\/p>\n","protected":false},"author":1,"featured_media":0,"parent":0,"menu_order":0,"comment_status":"closed","ping_status":"closed","template":"","meta":{"site-sidebar-layout":"no-sidebar","site-content-layout":"","ast-site-content-layout":"full-width-container","site-content-style":"unboxed","site-sidebar-style":"unboxed","ast-global-header-display":"","ast-banner-title-visibility":"","ast-main-header-display":"","ast-hfb-above-header-display":"","ast-hfb-below-header-display":"","ast-hfb-mobile-header-display":"","site-post-title":"disabled","ast-breadcrumbs-content":"","ast-featured-img":"disabled","footer-sml-layout":"","ast-disable-related-posts":"","theme-transparent-header-meta":"disabled","adv-header-id-meta":"","stick-header-meta":"enabled","header-above-stick-meta":"","header-main-stick-meta":"disabled","header-below-stick-meta":"","astra-migrate-meta-layouts":"default","ast-page-background-enabled":"default","ast-page-background-meta":{"desktop":{"background-color":"var(--ast-global-color-5)","background-image":"","background-repeat":"repeat","background-position":"center center","background-size":"auto","background-attachment":"scroll","background-type":"","background-media":"","overlay-type":"","overlay-color":"","overlay-opacity":"","overlay-gradient":""},"tablet":{"background-color":"","background-image":"","background-repeat":"repeat","background-position":"center center","background-size":"auto","background-attachment":"scroll","background-type":"","background-media":"","overlay-type":"","overlay-color":"","overlay-opacity":"","overlay-gradient":""},"mobile":{"background-color":"","background-image":"","background-repeat":"repeat","background-position":"center center","background-size":"auto","background-attachment":"scroll","background-type":"","background-media":"","overlay-type":"","overlay-color":"","overlay-opacity":"","overlay-gradient":""}},"ast-content-background-meta":{"desktop":{"background-color":"var(--ast-global-color-4)","background-image":"","background-repeat":"repeat","background-position":"center center","background-size":"auto","background-attachment":"scroll","background-type":"","background-media":"","overlay-type":"","overlay-color":"","overlay-opacity":"","overlay-gradient":""},"tablet":{"background-color":"var(--ast-global-color-4)","background-image":"","background-repeat":"repeat","background-position":"center center","background-size":"auto","background-attachment":"scroll","background-type":"","background-media":"","overlay-type":"","overlay-color":"","overlay-opacity":"","overlay-gradient":""},"mobile":{"background-color":"var(--ast-global-color-4)","background-image":"","background-repeat":"repeat","background-position":"center center","background-size":"auto","background-attachment":"scroll","background-type":"","background-media":"","overlay-type":"","overlay-color":"","overlay-opacity":"","overlay-gradient":""}},"footnotes":""},"class_list":["post-4935","page","type-page","status-publish","hentry"],"_links":{"self":[{"href":"https:\/\/www.robella.ch\/de\/wp-json\/wp\/v2\/pages\/4935","targetHints":{"allow":["GET"]}}],"collection":[{"href":"https:\/\/www.robella.ch\/de\/wp-json\/wp\/v2\/pages"}],"about":[{"href":"https:\/\/www.robella.ch\/de\/wp-json\/wp\/v2\/types\/page"}],"author":[{"embeddable":true,"href":"https:\/\/www.robella.ch\/de\/wp-json\/wp\/v2\/users\/1"}],"replies":[{"embeddable":true,"href":"https:\/\/www.robella.ch\/de\/wp-json\/wp\/v2\/comments?post=4935"}],"version-history":[{"count":1,"href":"https:\/\/www.robella.ch\/de\/wp-json\/wp\/v2\/pages\/4935\/revisions"}],"predecessor-version":[{"id":4936,"href":"https:\/\/www.robella.ch\/de\/wp-json\/wp\/v2\/pages\/4935\/revisions\/4936"}],"wp:attachment":[{"href":"https:\/\/www.robella.ch\/de\/wp-json\/wp\/v2\/media?parent=4935"}],"curies":[{"name":"wp","href":"https:\/\/api.w.org\/{rel}","templated":true}]}}